{"id":13522,"date":"2024-07-12T01:50:33","date_gmt":"2024-07-12T01:50:33","guid":{"rendered":"https:\/\/mycashless.com\/el-metodo\/"},"modified":"2025-03-11T17:43:49","modified_gmt":"2025-03-11T17:43:49","slug":"el-metodo","status":"publish","type":"page","link":"https:\/\/mycashless.com\/es\/el-metodo\/","title":{"rendered":"El M\u00e9todo"},"content":{"rendered":"\t\t<div data-elementor-type=\"wp-page\" data-elementor-id=\"13522\" class=\"elementor elementor-13522 elementor-10211\" data-elementor-post-type=\"page\">\n\t\t\t\t<div class=\"elementor-element elementor-element-76f7855 e-flex e-con-boxed e-con e-parent\" data-id=\"76f7855\" data-element_type=\"container\">\n\t\t\t\t\t<div class=\"e-con-inner\">\n\t\t\t\t<div class=\"elementor-element elementor-element-c82ef01 elementor-widget elementor-widget-html\" data-id=\"c82ef01\" data-element_type=\"widget\" data-widget_type=\"html.default\">\n\t\t\t\t<div class=\"elementor-widget-container\">\n\t\t\t\t\t<style>\n.grid-overlay {\n    position: fixed;\n    top: 0;\n    left: 0; \/* Align to the left edge of the viewport *\/\n    width: 100%;\n    height: 100vh; \/* Full viewport height *\/\n    display: grid;\n    grid-template-columns: 1fr 287px 287px 287px 287px 1fr; \/* Central columns fixed, outer columns flexible *\/\n    z-index: 1;\n    pointer-events: none; \/* Allows clicks to pass through *\/\n}\n\n.grid-overlay .column {\n    border-right: 1px dashed rgba(217, 217, 217, 0.5); \/* Dashed border on the right only *\/\n    height: 100%;\n}\n\n\/* Remove the right border from the last column to prevent an extra line *\/\n.grid-overlay .column:last-child {\n    border-right: none;\n}\n\n\/* Optional: if you need a border on the very left, uncomment below *\/\n\/* .grid-overlay .column:first-child {\n    border-left: 2px dashed #ccc;\n} *\/\n<\/style>\n\n<div class=\"grid-overlay\">\n    <div class=\"column\"><\/div> <!-- First flexible column -->\n    <div class=\"column\"><\/div> <!-- Fixed-width column -->\n    <div class=\"column\"><\/div> <!-- Fixed-width column -->\n    <div class=\"column\"><\/div> <!-- Fixed-width column -->\n    <div class=\"column\"><\/div> <!-- Fixed-width column -->\n    <div class=\"column\"><\/div> <!-- Last flexible column -->\n<\/div>\t\t\t\t<\/div>\n\t\t\t\t<\/div>\n\t\t\t\t\t<\/div>\n\t\t\t\t<\/div>\n\t\t\t\t<section class=\"elementor-section elementor-top-section elementor-element elementor-element-ea6fd44 elementor-section-boxed elementor-section-height-default elementor-section-height-default\" data-id=\"ea6fd44\" data-element_type=\"section\">\n\t\t\t\t\t\t<div class=\"elementor-container elementor-column-gap-default\">\n\t\t\t\t\t<div class=\"elementor-column elementor-col-100 elementor-top-column elementor-element elementor-element-be90120\" data-id=\"be90120\" data-element_type=\"column\">\n\t\t\t<div class=\"elementor-widget-wrap elementor-element-populated\">\n\t\t\t\t\t\t<div class=\"elementor-element elementor-element-8beab4a elementor-widget elementor-widget-heading\" data-id=\"8beab4a\" data-element_type=\"widget\" data-widget_type=\"heading.default\">\n\t\t\t\t<div class=\"elementor-widget-container\">\n\t\t\t\t\t<h2 class=\"elementor-heading-title elementor-size-default\">El M\u00e9todo<\/h2>\t\t\t\t<\/div>\n\t\t\t\t<\/div>\n\t\t\t\t<div class=\"elementor-element elementor-element-65afd4a elementor-widget elementor-widget-text-editor\" data-id=\"65afd4a\" data-element_type=\"widget\" data-widget_type=\"text-editor.default\">\n\t\t\t\t<div class=\"elementor-widget-container\">\n\t\t\t\t\t\t\t\t\t<p><strong>Las operaciones de alimientos y bebidas<\/strong> acutalmente funcionan as\u00ed:<\/p>\n<ol>\n<li>El usuario llega<\/li>\n<li>Los vendedores toman la orden (sin pagos)<\/li>\n<li>El vendedor captura los pedidos<\/li>\n<li>El vendedor imprime la cuenta<\/li>\n<li>El vendedor recibe los pagos en efectivo y vouchers (con conectividad)<\/li>\n<li>El gerente concilia cuentas entre efectivo, vales, vouchers y pedidos, cada uno proveniente de diferentes fuentes de informaci\u00f3n<\/li>\n<li>Los due\u00f1os esperan tener las cuentas correctas y a tiempo<\/li>\n<\/ol>\n\t\t\t\t\t\t\t\t<\/div>\n\t\t\t\t<\/div>\n\t\t\t\t<div class=\"elementor-element elementor-element-1033b95 elementor-widget elementor-widget-text-editor\" data-id=\"1033b95\" data-element_type=\"widget\" data-widget_type=\"text-editor.default\">\n\t\t\t\t<div class=\"elementor-widget-container\">\n\t\t\t\t\t\t\t\t\t<p><strong>Experiencia service-centric<\/strong> con my<strong>cashless<\/strong><\/p><ol><li>Los usuarios enlazan una tarjeta (o recargan saldo)<\/li><li>El vendedor realiza ventas mediante toques\/escaneos (saldo prepagado o saldo preautorizado de tarjetas vinculadas)<\/li><li>Cocina y barras env\u00edan pedidos (ya pagados) por cliente (m\u00e1s r\u00e1pido que enviar por mesa)<\/li><li>Los propietarios tienen visibilidad completa del negocio (con un proceso limpio que separa el aspecto del servicio del manejo del dinero)<\/li><\/ol><p>Este es el poder de gestionar las transacciones financieras de manera separada, eficiente y segura para mejorar la satisfacci\u00f3n general del usuario y la efectividad operativa<\/p><p>Por eso, en mycashless nos gusta decir que estamos facilitando un proceso antes de ser una suite tecnol\u00f3gica de productos para hacerlo posible<\/p><p>\u00a1\u00danete ahora!<\/p><p>Aprovecha al m\u00e1ximo con my<strong>cashless<\/strong><\/p>\t\t\t\t\t\t\t\t<\/div>\n\t\t\t\t<\/div>\n\t\t\t\t\t<\/div>\n\t\t<\/div>\n\t\t\t\t\t<\/div>\n\t\t<\/section>\n\t\t\t\t<\/div>\n\t\t","protected":false},"excerpt":{"rendered":"<p>El M\u00e9todo Las operaciones de alimientos y bebidas acutalmente funcionan as\u00ed: El usuario llega Los vendedores toman la orden (sin pagos) El vendedor captura los pedidos El vendedor imprime la cuenta El vendedor recibe los pagos en efectivo y vouchers (con conectividad) El gerente concilia cuentas entre efectivo, vales, vouchers y pedidos, cada uno proveniente [&hellip;]<\/p>\n","protected":false},"author":15,"featured_media":0,"parent":0,"menu_order":0,"comment_status":"closed","ping_status":"closed","template":"","meta":{"site-sidebar-layout":"no-sidebar","site-content-layout":"page-builder","ast-site-content-layout":"full-width-container","site-content-style":"default","site-sidebar-style":"default","ast-global-header-display":"","ast-banner-title-visibility":"","ast-main-header-display":"","ast-hfb-above-header-display":"","ast-hfb-below-header-display":"","ast-hfb-mobile-header-display":"","site-post-title":"disabled","ast-breadcrumbs-content":"","ast-featured-img":"disabled","footer-sml-layout":"","theme-transparent-header-meta":"","adv-header-id-meta":"","stick-header-meta":"","header-above-stick-meta":"","header-main-stick-meta":"","header-below-stick-meta":"","astra-migrate-meta-layouts":"default","ast-page-background-enabled":"default","ast-page-background-meta":{"desktop":{"background-color":"","background-image":"","background-repeat":"repeat","background-position":"center center","background-size":"auto","background-attachment":"scroll","background-type":"","background-media":"","overlay-type":"","overlay-color":"","overlay-opacity":"","overlay-gradient":""},"tablet":{"background-color":"","background-image":"","background-repeat":"repeat","background-position":"center center","background-size":"auto","background-attachment":"scroll","background-type":"","background-media":"","overlay-type":"","overlay-color":"","overlay-opacity":"","overlay-gradient":""},"mobile":{"background-color":"","background-image":"","background-repeat":"repeat","background-position":"center center","background-size":"auto","background-attachment":"scroll","background-type":"","background-media":"","overlay-type":"","overlay-color":"","overlay-opacity":"","overlay-gradient":""}},"ast-content-background-meta":{"desktop":{"background-color":"var(--ast-global-color-5)","background-image":"","background-repeat":"repeat","background-position":"center center","background-size":"auto","background-attachment":"scroll","background-type":"","background-media":"","overlay-type":"","overlay-color":"","overlay-opacity":"","overlay-gradient":""},"tablet":{"background-color":"var(--ast-global-color-5)","background-image":"","background-repeat":"repeat","background-position":"center center","background-size":"auto","background-attachment":"scroll","background-type":"","background-media":"","overlay-type":"","overlay-color":"","overlay-opacity":"","overlay-gradient":""},"mobile":{"background-color":"var(--ast-global-color-5)","background-image":"","background-repeat":"repeat","background-position":"center center","background-size":"auto","background-attachment":"scroll","background-type":"","background-media":"","overlay-type":"","overlay-color":"","overlay-opacity":"","overlay-gradient":""}},"footnotes":""},"class_list":["post-13522","page","type-page","status-publish","hentry"],"yoast_head":"<!-- This site is optimized with the Yoast SEO plugin v25.4 - https:\/\/yoast.com\/wordpress\/plugins\/seo\/ -->\n<title>El M\u00e9todo - mycashless<\/title>\n<meta name=\"description\" content=\"Este \u00e9 o poder de gerenciar transa\u00e7\u00f5es financeiras de forma separada, eficiente e segura para aumentar a satisfa\u00e7\u00e3o geral do usu\u00e1rio\" \/>\n<meta name=\"robots\" content=\"index, follow, max-snippet:-1, max-image-preview:large, max-video-preview:-1\" \/>\n<link rel=\"canonical\" href=\"https:\/\/mycashless.com\/es\/el-metodo\/\" \/>\n<meta property=\"og:locale\" content=\"es_ES\" \/>\n<meta property=\"og:type\" content=\"article\" \/>\n<meta property=\"og:title\" content=\"El M\u00e9todo - mycashless\" \/>\n<meta property=\"og:description\" content=\"Este \u00e9 o poder de gerenciar transa\u00e7\u00f5es financeiras de forma separada, eficiente e segura para aumentar a satisfa\u00e7\u00e3o geral do usu\u00e1rio\" \/>\n<meta property=\"og:url\" content=\"https:\/\/mycashless.com\/es\/el-metodo\/\" \/>\n<meta property=\"og:site_name\" content=\"mycashless\" \/>\n<meta property=\"article:modified_time\" content=\"2025-03-11T17:43:49+00:00\" \/>\n<meta name=\"twitter:card\" content=\"summary_large_image\" \/>\n<meta name=\"twitter:label1\" content=\"Tiempo de lectura\" \/>\n\t<meta name=\"twitter:data1\" content=\"1 minuto\" \/>\n<script type=\"application\/ld+json\" class=\"yoast-schema-graph\">{\"@context\":\"https:\/\/schema.org\",\"@graph\":[{\"@type\":\"WebPage\",\"@id\":\"https:\/\/mycashless.com\/es\/el-metodo\/\",\"url\":\"https:\/\/mycashless.com\/es\/el-metodo\/\",\"name\":\"El M\u00e9todo - mycashless\",\"isPartOf\":{\"@id\":\"https:\/\/mycashless.com\/#website\"},\"datePublished\":\"2024-07-12T01:50:33+00:00\",\"dateModified\":\"2025-03-11T17:43:49+00:00\",\"description\":\"Este \u00e9 o poder de gerenciar transa\u00e7\u00f5es financeiras de forma separada, eficiente e segura para aumentar a satisfa\u00e7\u00e3o geral do usu\u00e1rio\",\"breadcrumb\":{\"@id\":\"https:\/\/mycashless.com\/es\/el-metodo\/#breadcrumb\"},\"inLanguage\":\"es\",\"potentialAction\":[{\"@type\":\"ReadAction\",\"target\":[\"https:\/\/mycashless.com\/es\/el-metodo\/\"]}]},{\"@type\":\"BreadcrumbList\",\"@id\":\"https:\/\/mycashless.com\/es\/el-metodo\/#breadcrumb\",\"itemListElement\":[{\"@type\":\"ListItem\",\"position\":1,\"name\":\"Home\",\"item\":\"https:\/\/mycashless.com\/\"},{\"@type\":\"ListItem\",\"position\":2,\"name\":\"El M\u00e9todo\"}]},{\"@type\":\"WebSite\",\"@id\":\"https:\/\/mycashless.com\/#website\",\"url\":\"https:\/\/mycashless.com\/\",\"name\":\"mycashless\",\"description\":\"An Easy, Secure Solution for Cashless\u00ae Payments, Access, and Upgrades, Online or Offline, with or without Wristbands.\",\"publisher\":{\"@id\":\"https:\/\/mycashless.com\/#organization\"},\"potentialAction\":[{\"@type\":\"SearchAction\",\"target\":{\"@type\":\"EntryPoint\",\"urlTemplate\":\"https:\/\/mycashless.com\/?s={search_term_string}\"},\"query-input\":{\"@type\":\"PropertyValueSpecification\",\"valueRequired\":true,\"valueName\":\"search_term_string\"}}],\"inLanguage\":\"es\"},{\"@type\":\"Organization\",\"@id\":\"https:\/\/mycashless.com\/#organization\",\"name\":\"mycashless\",\"url\":\"https:\/\/mycashless.com\/\",\"logo\":{\"@type\":\"ImageObject\",\"inLanguage\":\"es\",\"@id\":\"https:\/\/mycashless.com\/#\/schema\/logo\/image\/\",\"url\":\"https:\/\/mycashless.com\/wp-content\/uploads\/2024\/09\/obsessedUntitled1.jpeg\",\"contentUrl\":\"https:\/\/mycashless.com\/wp-content\/uploads\/2024\/09\/obsessedUntitled1.jpeg\",\"width\":764,\"height\":764,\"caption\":\"mycashless\"},\"image\":{\"@id\":\"https:\/\/mycashless.com\/#\/schema\/logo\/image\/\"}}]}<\/script>\n<!-- \/ Yoast SEO plugin. -->","yoast_head_json":{"title":"El M\u00e9todo - mycashless","description":"Este \u00e9 o poder de gerenciar transa\u00e7\u00f5es financeiras de forma separada, eficiente e segura para aumentar a satisfa\u00e7\u00e3o geral do usu\u00e1rio","robots":{"index":"index","follow":"follow","max-snippet":"max-snippet:-1","max-image-preview":"max-image-preview:large","max-video-preview":"max-video-preview:-1"},"canonical":"https:\/\/mycashless.com\/es\/el-metodo\/","og_locale":"es_ES","og_type":"article","og_title":"El M\u00e9todo - mycashless","og_description":"Este \u00e9 o poder de gerenciar transa\u00e7\u00f5es financeiras de forma separada, eficiente e segura para aumentar a satisfa\u00e7\u00e3o geral do usu\u00e1rio","og_url":"https:\/\/mycashless.com\/es\/el-metodo\/","og_site_name":"mycashless","article_modified_time":"2025-03-11T17:43:49+00:00","twitter_card":"summary_large_image","twitter_misc":{"Tiempo de lectura":"1 minuto"},"schema":{"@context":"https:\/\/schema.org","@graph":[{"@type":"WebPage","@id":"https:\/\/mycashless.com\/es\/el-metodo\/","url":"https:\/\/mycashless.com\/es\/el-metodo\/","name":"El M\u00e9todo - mycashless","isPartOf":{"@id":"https:\/\/mycashless.com\/#website"},"datePublished":"2024-07-12T01:50:33+00:00","dateModified":"2025-03-11T17:43:49+00:00","description":"Este \u00e9 o poder de gerenciar transa\u00e7\u00f5es financeiras de forma separada, eficiente e segura para aumentar a satisfa\u00e7\u00e3o geral do usu\u00e1rio","breadcrumb":{"@id":"https:\/\/mycashless.com\/es\/el-metodo\/#breadcrumb"},"inLanguage":"es","potentialAction":[{"@type":"ReadAction","target":["https:\/\/mycashless.com\/es\/el-metodo\/"]}]},{"@type":"BreadcrumbList","@id":"https:\/\/mycashless.com\/es\/el-metodo\/#breadcrumb","itemListElement":[{"@type":"ListItem","position":1,"name":"Home","item":"https:\/\/mycashless.com\/"},{"@type":"ListItem","position":2,"name":"El M\u00e9todo"}]},{"@type":"WebSite","@id":"https:\/\/mycashless.com\/#website","url":"https:\/\/mycashless.com\/","name":"mycashless","description":"An Easy, Secure Solution for Cashless\u00ae Payments, Access, and Upgrades, Online or Offline, with or without Wristbands.","publisher":{"@id":"https:\/\/mycashless.com\/#organization"},"potentialAction":[{"@type":"SearchAction","target":{"@type":"EntryPoint","urlTemplate":"https:\/\/mycashless.com\/?s={search_term_string}"},"query-input":{"@type":"PropertyValueSpecification","valueRequired":true,"valueName":"search_term_string"}}],"inLanguage":"es"},{"@type":"Organization","@id":"https:\/\/mycashless.com\/#organization","name":"mycashless","url":"https:\/\/mycashless.com\/","logo":{"@type":"ImageObject","inLanguage":"es","@id":"https:\/\/mycashless.com\/#\/schema\/logo\/image\/","url":"https:\/\/mycashless.com\/wp-content\/uploads\/2024\/09\/obsessedUntitled1.jpeg","contentUrl":"https:\/\/mycashless.com\/wp-content\/uploads\/2024\/09\/obsessedUntitled1.jpeg","width":764,"height":764,"caption":"mycashless"},"image":{"@id":"https:\/\/mycashless.com\/#\/schema\/logo\/image\/"}}]}},"_links":{"self":[{"href":"https:\/\/mycashless.com\/es\/wp-json\/wp\/v2\/pages\/13522","targetHints":{"allow":["GET"]}}],"collection":[{"href":"https:\/\/mycashless.com\/es\/wp-json\/wp\/v2\/pages"}],"about":[{"href":"https:\/\/mycashless.com\/es\/wp-json\/wp\/v2\/types\/page"}],"author":[{"embeddable":true,"href":"https:\/\/mycashless.com\/es\/wp-json\/wp\/v2\/users\/15"}],"replies":[{"embeddable":true,"href":"https:\/\/mycashless.com\/es\/wp-json\/wp\/v2\/comments?post=13522"}],"version-history":[{"count":4,"href":"https:\/\/mycashless.com\/es\/wp-json\/wp\/v2\/pages\/13522\/revisions"}],"predecessor-version":[{"id":15573,"href":"https:\/\/mycashless.com\/es\/wp-json\/wp\/v2\/pages\/13522\/revisions\/15573"}],"wp:attachment":[{"href":"https:\/\/mycashless.com\/es\/wp-json\/wp\/v2\/media?parent=13522"}],"curies":[{"name":"wp","href":"https:\/\/api.w.org\/{rel}","templated":true}]}}