{"id":13642,"date":"2024-07-25T18:58:17","date_gmt":"2024-07-25T18:58:17","guid":{"rendered":"https:\/\/mycashless.com\/api-reference\/"},"modified":"2024-07-25T18:58:17","modified_gmt":"2024-07-25T18:58:17","slug":"api-reference","status":"publish","type":"page","link":"https:\/\/mycashless.com\/es\/api-reference\/","title":{"rendered":"API-reference"},"content":{"rendered":"\t\t<div data-elementor-type=\"wp-page\" data-elementor-id=\"13642\" class=\"elementor elementor-13642 elementor-10364\" data-elementor-post-type=\"page\">\n\t\t\t\t<div class=\"elementor-element elementor-element-cec47b7 e-flex e-con-boxed e-con e-parent\" data-id=\"cec47b7\" data-element_type=\"container\">\n\t\t\t\t\t<div class=\"e-con-inner\">\n\t\t\t\t<div class=\"elementor-element elementor-element-d233b94 elementor-widget elementor-widget-html\" data-id=\"d233b94\" data-element_type=\"widget\" data-widget_type=\"html.default\">\n\t\t\t\t<div class=\"elementor-widget-container\">\n\t\t\t\t\t<style>\n.grid-overlay {\n    position: fixed;\n    top: 0;\n    left: 0; \/* Align to the left edge of the viewport *\/\n    width: 100%;\n    height: 100vh; \/* Full viewport height *\/\n    display: grid;\n    grid-template-columns: 1fr 287px 287px 287px 287px 1fr; \/* Central columns fixed, outer columns flexible *\/\n    z-index: 1;\n    pointer-events: none; \/* Allows clicks to pass through *\/\n}\n\n.grid-overlay .column {\n    border-right: 1px dashed rgba(217, 217, 217, 0.5); \/* Dashed border on the right only *\/\n    height: 100%;\n}\n\n\/* Remove the right border from the last column to prevent an extra line *\/\n.grid-overlay .column:last-child {\n    border-right: none;\n}\n\n\/* Optional: if you need a border on the very left, uncomment below *\/\n\/* .grid-overlay .column:first-child {\n    border-left: 2px dashed #ccc;\n} *\/\n<\/style>\n\n<div class=\"grid-overlay\">\n    <div class=\"column\"><\/div> <!-- First flexible column -->\n    <div class=\"column\"><\/div> <!-- Fixed-width column -->\n    <div class=\"column\"><\/div> <!-- Fixed-width column -->\n    <div class=\"column\"><\/div> <!-- Fixed-width column -->\n    <div class=\"column\"><\/div> <!-- Fixed-width column -->\n    <div class=\"column\"><\/div> <!-- Last flexible column -->\n<\/div>\t\t\t\t<\/div>\n\t\t\t\t<\/div>\n\t\t\t\t\t<\/div>\n\t\t\t\t<\/div>\n\t\t\t\t<section class=\"elementor-section elementor-top-section elementor-element elementor-element-ea6fd44 elementor-section-boxed elementor-section-height-default elementor-section-height-default\" data-id=\"ea6fd44\" data-element_type=\"section\">\n\t\t\t\t\t\t<div class=\"elementor-container elementor-column-gap-default\">\n\t\t\t\t\t<div class=\"elementor-column elementor-col-100 elementor-top-column elementor-element elementor-element-be90120\" data-id=\"be90120\" data-element_type=\"column\">\n\t\t\t<div class=\"elementor-widget-wrap elementor-element-populated\">\n\t\t\t\t\t\t<div class=\"elementor-element elementor-element-8beab4a elementor-widget elementor-widget-heading\" data-id=\"8beab4a\" data-element_type=\"widget\" data-widget_type=\"heading.default\">\n\t\t\t\t<div class=\"elementor-widget-container\">\n\t\t\t\t\t<h2 class=\"elementor-heading-title elementor-size-default\">Eleva tu experiencia de venta de entradas con la API de mycashless<\/h2>\t\t\t\t<\/div>\n\t\t\t\t<\/div>\n\t\t\t\t<div class=\"elementor-element elementor-element-04b9cd2 elementor-widget elementor-widget-text-editor\" data-id=\"04b9cd2\" data-element_type=\"widget\" data-widget_type=\"text-editor.default\">\n\t\t\t\t<div class=\"elementor-widget-container\">\n\t\t\t\t\t\t\t\t\t<p>\u00danete a la revoluci\u00f3n digital con la API de mycashless. Di adi\u00f3s a las ventas perdidas y abraza el poder del acceso y los pagos cashless\u00ae. S\u00e9 parte de la creciente comunidad de m\u00e1s de 1500 eventos y operaciones de alimentos y bebidas que aprovechan nuestra tecnolog\u00eda.  <\/p>\n<p><strong>C\u00f3mo Empezar<\/strong><\/p>\n<p>Utilizar\u00e1s los siguientes datos de acceso:<\/p>\n<ul>\n<li>URL del Sandbox<\/li>\n<li>Clave API<\/li>\n<li>UID del evento<\/li>\n<\/ul>\n<p><strong>Tablero de Estad\u00edsticas del Evento<\/strong><\/p>\n<p>Mantente al tanto de tu evento con la interfaz web:<\/p>\n<ul>\n<li>URL: https:\/\/mycashless.com\/dashboard\/admin<\/li>\n<li>Usuario<\/li>\n<li>Contrase\u00f1a<\/li>\n<\/ul>\n<p><strong>A\u00f1adiendo Tipo de Entrada al Cat\u00e1logo<\/strong><\/p>\n<p>A\u00f1ade un nuevo tipo de entrada al cat\u00e1logo usando la solicitud POST:<\/p>\n<p>POST \/companies\/ticket<\/p>\n<p>Body:<br \/>{<br \/>\u00abevent_uid\u00bb: \u00abxxxxx\u00bb,<br \/>\u00abname\u00bb: \u00abTipo de entrada 2\u00bb,<br \/>\u00abprice\u00bb: 0,<br \/>\u00abticket_date\u00bb: \u00ab2025-01-06T18:00:23.000\u00bb<br \/>}<br \/>Headers:<br \/>\u00abapi_key\u00bb: \u00abxxxxx\u00bb<\/p>\n<p><strong>Enviando Entradas<\/strong><\/p>\n<p>Ofrece una experiencia de venta de entradas sin problemas a tus clientes utilizando la solicitud POST:<\/p>\n<p>POST \/companies\/transfer<br \/>Body:<br \/>{<br \/> \u00abevent_uid\u00bb: \u00abxxxxx\u00bb,<br \/> \u00abbalance\u00bb: 0,<br \/> \u00abpromo_balance\u00bb: 0,<br \/> \u00abemail\u00bb: \u00abexample@domain.com\u00bb,<br \/> \u00abticket_uid\u00bb: \u00abaeee0b676921403b9ab9769c0c8b9715\u00bb,<br \/> \u00abcompany_ticket_id\u00bb: \u00abbe5d34cd\u00bb,<br \/> \u00abadditional_info\u00bb: {<br \/> \u00abaccess_gate\u00bb: \u00abPuerta B\u00bb,<br \/> \u00abseat_number\u00bb: \u00abb12\u00bb}}<\/p>\n<p>Headers:<br \/>\u00abapi_key\u00bb: \u00abxxxxx\u00bb<\/p>\n<p><strong>Webhook<\/strong><\/p>\n<p>Mantente actualizado con notificaciones en tiempo real cuando se utiliza una entrada:<br \/>{<br \/>\u00abevent_uid\u00bb: \u00abxxx\u00bb,<br \/>\u00abtransfer_uid\u00bb: \u00abxxx\u00bb,<br \/>\u00abuser_email\u00bb: \u00abxxx\u00bb,<br \/>\u00abcompany_ticket_id\u00bb: \u00abxxx\u00bb,<br \/>\u00abstatus\u00bb: \u00abUSED\u00bb,<br \/>\u00abused_timestamp\u00bb: \u00ab2022-12-26T12:00:00.000\u00bb}<\/p>\n<p><strong>Ticket Holder Journey<\/strong><\/p>\n<p>Deleita a tus clientes con un viaje de venta de entradas sin problemas. Recibir\u00e1n un URL de dChip por correo en el email registrado, descargar\u00e1n e instalar\u00e1n dChip, completar\u00e1n su perfil y ver\u00e1n las entradas que han comprado. <\/p>\n<p><strong>Manejo de M\u00faltiples Entradas<\/strong><\/p>\n<p>Nuestra plataforma agrupa inteligentemente m\u00faltiples entradas con la misma direcci\u00f3n de correo electr\u00f3nico en un solo URL de dChip. Recuerda, menos es m\u00e1s: env\u00eda solo un correo electr\u00f3nico al titular de la entrada. <\/p>\n<p><strong>Entradas Duplicadas<\/strong><\/p>\n<p>Valoramos la singularidad. Si el API recibe una entrada con un company_ticket_id que ya se ha utilizado, responder\u00e1 con un error. <\/p>\n<p>\u00a1\u00danete a la revoluci\u00f3n de my<strong>cashless<\/strong> hoy y eleva tu proceso de venta de entradas!<\/p>\n<p>You wanna get more info? Schedule a call with our Principal Engineer <\/p>\n\t\t\t\t\t\t\t\t<\/div>\n\t\t\t\t<\/div>\n\t\t\t\t<div class=\"elementor-element elementor-element-b5fc317 elementor-mobile-align-left elementor-widget__width-auto elementor-invisible elementor-widget elementor-widget-button\" data-id=\"b5fc317\" data-element_type=\"widget\" data-settings=\"{&quot;_animation&quot;:&quot;fadeIn&quot;,&quot;_animation_delay&quot;:800}\" data-widget_type=\"button.default\">\n\t\t\t\t<div class=\"elementor-widget-container\">\n\t\t\t\t\t\t\t\t\t<div class=\"elementor-button-wrapper\">\n\t\t\t\t\t<a class=\"elementor-button elementor-button-link elementor-size-sm\" href=\"https:\/\/calendly.com\/d\/zk3-bqg-szt\" target=\"_blank\">\n\t\t\t\t\t\t<span class=\"elementor-button-content-wrapper\">\n\t\t\t\t\t\t\t\t\t<span class=\"elementor-button-text\"><div class=\"container\"><div>Agenda una llamada<\/div><div class=\"icon\"><div class=\"icon-inner\"><i class=\"arrow-base\"><\/i><i class=\"arrow right\"><\/i><\/div><\/div><\/div><\/span>\n\t\t\t\t\t<\/span>\n\t\t\t\t\t<\/a>\n\t\t\t\t<\/div>\n\t\t\t\t\t\t\t\t<\/div>\n\t\t\t\t<\/div>\n\t\t\t\t\t<\/div>\n\t\t<\/div>\n\t\t\t\t\t<\/div>\n\t\t<\/section>\n\t\t\t\t<\/div>\n\t\t","protected":false},"excerpt":{"rendered":"<p>Eleva tu experiencia de venta de entradas con la API de mycashless \u00danete a la revoluci\u00f3n digital con la API de mycashless. Di adi\u00f3s a las ventas perdidas y abraza el poder del acceso y los pagos cashless\u00ae. S\u00e9 parte de la creciente comunidad de m\u00e1s de 1500 eventos y operaciones de alimentos y bebidas [&hellip;]<\/p>\n","protected":false},"author":15,"featured_media":0,"parent":0,"menu_order":0,"comment_status":"closed","ping_status":"closed","template":"","meta":{"site-sidebar-layout":"no-sidebar","site-content-layout":"page-builder","ast-site-content-layout":"full-width-container","site-content-style":"default","site-sidebar-style":"default","ast-global-header-display":"","ast-banner-title-visibility":"","ast-main-header-display":"","ast-hfb-above-header-display":"","ast-hfb-below-header-display":"","ast-hfb-mobile-header-display":"","site-post-title":"disabled","ast-breadcrumbs-content":"","ast-featured-img":"disabled","footer-sml-layout":"","theme-transparent-header-meta":"","adv-header-id-meta":"","stick-header-meta":"","header-above-stick-meta":"","header-main-stick-meta":"","header-below-stick-meta":"","astra-migrate-meta-layouts":"default","ast-page-background-enabled":"default","ast-page-background-meta":{"desktop":{"background-color":"","background-image":"","background-repeat":"repeat","background-position":"center center","background-size":"auto","background-attachment":"scroll","background-type":"","background-media":"","overlay-type":"","overlay-color":"","overlay-opacity":"","overlay-gradient":""},"tablet":{"background-color":"","background-image":"","background-repeat":"repeat","background-position":"center center","background-size":"auto","background-attachment":"scroll","background-type":"","background-media":"","overlay-type":"","overlay-color":"","overlay-opacity":"","overlay-gradient":""},"mobile":{"background-color":"","background-image":"","background-repeat":"repeat","background-position":"center center","background-size":"auto","background-attachment":"scroll","background-type":"","background-media":"","overlay-type":"","overlay-color":"","overlay-opacity":"","overlay-gradient":""}},"ast-content-background-meta":{"desktop":{"background-color":"var(--ast-global-color-5)","background-image":"","background-repeat":"repeat","background-position":"center center","background-size":"auto","background-attachment":"scroll","background-type":"","background-media":"","overlay-type":"","overlay-color":"","overlay-opacity":"","overlay-gradient":""},"tablet":{"background-color":"var(--ast-global-color-5)","background-image":"","background-repeat":"repeat","background-position":"center center","background-size":"auto","background-attachment":"scroll","background-type":"","background-media":"","overlay-type":"","overlay-color":"","overlay-opacity":"","overlay-gradient":""},"mobile":{"background-color":"var(--ast-global-color-5)","background-image":"","background-repeat":"repeat","background-position":"center center","background-size":"auto","background-attachment":"scroll","background-type":"","background-media":"","overlay-type":"","overlay-color":"","overlay-opacity":"","overlay-gradient":""}},"footnotes":""},"class_list":["post-13642","page","type-page","status-publish","hentry"],"yoast_head":"<!-- This site is optimized with the Yoast SEO plugin v25.4 - https:\/\/yoast.com\/wordpress\/plugins\/seo\/ -->\n<title>API-reference - mycashless<\/title>\n<meta name=\"description\" content=\"\u00danete a la revoluci\u00f3n digital con la API de mycashless. Di adi\u00f3s a las ventas perdidas y abraza el poder del acceso y los pagos cashless\u00ae.\" \/>\n<meta name=\"robots\" content=\"index, follow, max-snippet:-1, max-image-preview:large, max-video-preview:-1\" \/>\n<link rel=\"canonical\" href=\"https:\/\/mycashless.com\/es\/api-reference\/\" \/>\n<meta property=\"og:locale\" content=\"es_ES\" \/>\n<meta property=\"og:type\" content=\"article\" \/>\n<meta property=\"og:title\" content=\"API-reference - mycashless\" \/>\n<meta property=\"og:description\" content=\"\u00danete a la revoluci\u00f3n digital con la API de mycashless. Di adi\u00f3s a las ventas perdidas y abraza el poder del acceso y los pagos cashless\u00ae.\" \/>\n<meta property=\"og:url\" content=\"https:\/\/mycashless.com\/es\/api-reference\/\" \/>\n<meta property=\"og:site_name\" content=\"mycashless\" \/>\n<meta name=\"twitter:card\" content=\"summary_large_image\" \/>\n<meta name=\"twitter:label1\" content=\"Tiempo de lectura\" \/>\n\t<meta name=\"twitter:data1\" content=\"2 minutos\" \/>\n<script type=\"application\/ld+json\" class=\"yoast-schema-graph\">{\"@context\":\"https:\/\/schema.org\",\"@graph\":[{\"@type\":\"WebPage\",\"@id\":\"https:\/\/mycashless.com\/es\/api-reference\/\",\"url\":\"https:\/\/mycashless.com\/es\/api-reference\/\",\"name\":\"API-reference - mycashless\",\"isPartOf\":{\"@id\":\"https:\/\/mycashless.com\/#website\"},\"datePublished\":\"2024-07-25T18:58:17+00:00\",\"description\":\"\u00danete a la revoluci\u00f3n digital con la API de mycashless. Di adi\u00f3s a las ventas perdidas y abraza el poder del acceso y los pagos cashless\u00ae.\",\"breadcrumb\":{\"@id\":\"https:\/\/mycashless.com\/es\/api-reference\/#breadcrumb\"},\"inLanguage\":\"es\",\"potentialAction\":[{\"@type\":\"ReadAction\",\"target\":[\"https:\/\/mycashless.com\/es\/api-reference\/\"]}]},{\"@type\":\"BreadcrumbList\",\"@id\":\"https:\/\/mycashless.com\/es\/api-reference\/#breadcrumb\",\"itemListElement\":[{\"@type\":\"ListItem\",\"position\":1,\"name\":\"Home\",\"item\":\"https:\/\/mycashless.com\/\"},{\"@type\":\"ListItem\",\"position\":2,\"name\":\"API-reference\"}]},{\"@type\":\"WebSite\",\"@id\":\"https:\/\/mycashless.com\/#website\",\"url\":\"https:\/\/mycashless.com\/\",\"name\":\"mycashless\",\"description\":\"An Easy, Secure Solution for Cashless\u00ae Payments, Access, and Upgrades, Online or Offline, with or without Wristbands.\",\"publisher\":{\"@id\":\"https:\/\/mycashless.com\/#organization\"},\"potentialAction\":[{\"@type\":\"SearchAction\",\"target\":{\"@type\":\"EntryPoint\",\"urlTemplate\":\"https:\/\/mycashless.com\/?s={search_term_string}\"},\"query-input\":{\"@type\":\"PropertyValueSpecification\",\"valueRequired\":true,\"valueName\":\"search_term_string\"}}],\"inLanguage\":\"es\"},{\"@type\":\"Organization\",\"@id\":\"https:\/\/mycashless.com\/#organization\",\"name\":\"mycashless\",\"url\":\"https:\/\/mycashless.com\/\",\"logo\":{\"@type\":\"ImageObject\",\"inLanguage\":\"es\",\"@id\":\"https:\/\/mycashless.com\/#\/schema\/logo\/image\/\",\"url\":\"https:\/\/mycashless.com\/wp-content\/uploads\/2024\/09\/obsessedUntitled1.jpeg\",\"contentUrl\":\"https:\/\/mycashless.com\/wp-content\/uploads\/2024\/09\/obsessedUntitled1.jpeg\",\"width\":764,\"height\":764,\"caption\":\"mycashless\"},\"image\":{\"@id\":\"https:\/\/mycashless.com\/#\/schema\/logo\/image\/\"}}]}<\/script>\n<!-- \/ Yoast SEO plugin. -->","yoast_head_json":{"title":"API-reference - mycashless","description":"\u00danete a la revoluci\u00f3n digital con la API de mycashless. Di adi\u00f3s a las ventas perdidas y abraza el poder del acceso y los pagos cashless\u00ae.","robots":{"index":"index","follow":"follow","max-snippet":"max-snippet:-1","max-image-preview":"max-image-preview:large","max-video-preview":"max-video-preview:-1"},"canonical":"https:\/\/mycashless.com\/es\/api-reference\/","og_locale":"es_ES","og_type":"article","og_title":"API-reference - mycashless","og_description":"\u00danete a la revoluci\u00f3n digital con la API de mycashless. Di adi\u00f3s a las ventas perdidas y abraza el poder del acceso y los pagos cashless\u00ae.","og_url":"https:\/\/mycashless.com\/es\/api-reference\/","og_site_name":"mycashless","twitter_card":"summary_large_image","twitter_misc":{"Tiempo de lectura":"2 minutos"},"schema":{"@context":"https:\/\/schema.org","@graph":[{"@type":"WebPage","@id":"https:\/\/mycashless.com\/es\/api-reference\/","url":"https:\/\/mycashless.com\/es\/api-reference\/","name":"API-reference - mycashless","isPartOf":{"@id":"https:\/\/mycashless.com\/#website"},"datePublished":"2024-07-25T18:58:17+00:00","description":"\u00danete a la revoluci\u00f3n digital con la API de mycashless. Di adi\u00f3s a las ventas perdidas y abraza el poder del acceso y los pagos cashless\u00ae.","breadcrumb":{"@id":"https:\/\/mycashless.com\/es\/api-reference\/#breadcrumb"},"inLanguage":"es","potentialAction":[{"@type":"ReadAction","target":["https:\/\/mycashless.com\/es\/api-reference\/"]}]},{"@type":"BreadcrumbList","@id":"https:\/\/mycashless.com\/es\/api-reference\/#breadcrumb","itemListElement":[{"@type":"ListItem","position":1,"name":"Home","item":"https:\/\/mycashless.com\/"},{"@type":"ListItem","position":2,"name":"API-reference"}]},{"@type":"WebSite","@id":"https:\/\/mycashless.com\/#website","url":"https:\/\/mycashless.com\/","name":"mycashless","description":"An Easy, Secure Solution for Cashless\u00ae Payments, Access, and Upgrades, Online or Offline, with or without Wristbands.","publisher":{"@id":"https:\/\/mycashless.com\/#organization"},"potentialAction":[{"@type":"SearchAction","target":{"@type":"EntryPoint","urlTemplate":"https:\/\/mycashless.com\/?s={search_term_string}"},"query-input":{"@type":"PropertyValueSpecification","valueRequired":true,"valueName":"search_term_string"}}],"inLanguage":"es"},{"@type":"Organization","@id":"https:\/\/mycashless.com\/#organization","name":"mycashless","url":"https:\/\/mycashless.com\/","logo":{"@type":"ImageObject","inLanguage":"es","@id":"https:\/\/mycashless.com\/#\/schema\/logo\/image\/","url":"https:\/\/mycashless.com\/wp-content\/uploads\/2024\/09\/obsessedUntitled1.jpeg","contentUrl":"https:\/\/mycashless.com\/wp-content\/uploads\/2024\/09\/obsessedUntitled1.jpeg","width":764,"height":764,"caption":"mycashless"},"image":{"@id":"https:\/\/mycashless.com\/#\/schema\/logo\/image\/"}}]}},"_links":{"self":[{"href":"https:\/\/mycashless.com\/es\/wp-json\/wp\/v2\/pages\/13642","targetHints":{"allow":["GET"]}}],"collection":[{"href":"https:\/\/mycashless.com\/es\/wp-json\/wp\/v2\/pages"}],"about":[{"href":"https:\/\/mycashless.com\/es\/wp-json\/wp\/v2\/types\/page"}],"author":[{"embeddable":true,"href":"https:\/\/mycashless.com\/es\/wp-json\/wp\/v2\/users\/15"}],"replies":[{"embeddable":true,"href":"https:\/\/mycashless.com\/es\/wp-json\/wp\/v2\/comments?post=13642"}],"version-history":[{"count":1,"href":"https:\/\/mycashless.com\/es\/wp-json\/wp\/v2\/pages\/13642\/revisions"}],"predecessor-version":[{"id":13643,"href":"https:\/\/mycashless.com\/es\/wp-json\/wp\/v2\/pages\/13642\/revisions\/13643"}],"wp:attachment":[{"href":"https:\/\/mycashless.com\/es\/wp-json\/wp\/v2\/media?parent=13642"}],"curies":[{"name":"wp","href":"https:\/\/api.w.org\/{rel}","templated":true}]}}