{"id":13520,"date":"2024-07-12T01:33:21","date_gmt":"2024-07-12T01:33:21","guid":{"rendered":"https:\/\/mycashless.com\/o-metodo\/"},"modified":"2024-07-12T01:33:21","modified_gmt":"2024-07-12T01:33:21","slug":"o-metodo","status":"publish","type":"page","link":"https:\/\/mycashless.com\/pt-br\/o-metodo\/","title":{"rendered":"O M\u00e9todo"},"content":{"rendered":"\t\t<div data-elementor-type=\"wp-page\" data-elementor-id=\"13520\" class=\"elementor elementor-13520 elementor-10211\" data-elementor-post-type=\"page\">\n\t\t\t\t<div class=\"elementor-element elementor-element-76f7855 e-flex e-con-boxed e-con e-parent\" data-id=\"76f7855\" data-element_type=\"container\">\n\t\t\t\t\t<div class=\"e-con-inner\">\n\t\t\t\t<div class=\"elementor-element elementor-element-c82ef01 elementor-widget elementor-widget-html\" data-id=\"c82ef01\" data-element_type=\"widget\" data-widget_type=\"html.default\">\n\t\t\t\t<div class=\"elementor-widget-container\">\n\t\t\t\t\t<style>\n.grid-overlay {\n    position: fixed;\n    top: 0;\n    left: 0; \/* Align to the left edge of the viewport *\/\n    width: 100%;\n    height: 100vh; \/* Full viewport height *\/\n    display: grid;\n    grid-template-columns: 1fr 287px 287px 287px 287px 1fr; \/* Central columns fixed, outer columns flexible *\/\n    z-index: 1;\n    pointer-events: none; \/* Allows clicks to pass through *\/\n}\n\n.grid-overlay .column {\n    border-right: 1px dashed rgba(217, 217, 217, 0.5); \/* Dashed border on the right only *\/\n    height: 100%;\n}\n\n\/* Remove the right border from the last column to prevent an extra line *\/\n.grid-overlay .column:last-child {\n    border-right: none;\n}\n\n\/* Optional: if you need a border on the very left, uncomment below *\/\n\/* .grid-overlay .column:first-child {\n    border-left: 2px dashed #ccc;\n} *\/\n<\/style>\n\n<div class=\"grid-overlay\">\n    <div class=\"column\"><\/div> <!-- First flexible column -->\n    <div class=\"column\"><\/div> <!-- Fixed-width column -->\n    <div class=\"column\"><\/div> <!-- Fixed-width column -->\n    <div class=\"column\"><\/div> <!-- Fixed-width column -->\n    <div class=\"column\"><\/div> <!-- Fixed-width column -->\n    <div class=\"column\"><\/div> <!-- Last flexible column -->\n<\/div>\t\t\t\t<\/div>\n\t\t\t\t<\/div>\n\t\t\t\t\t<\/div>\n\t\t\t\t<\/div>\n\t\t\t\t<section class=\"elementor-section elementor-top-section elementor-element elementor-element-ea6fd44 elementor-section-boxed elementor-section-height-default elementor-section-height-default\" data-id=\"ea6fd44\" data-element_type=\"section\">\n\t\t\t\t\t\t<div class=\"elementor-container elementor-column-gap-default\">\n\t\t\t\t\t<div class=\"elementor-column elementor-col-100 elementor-top-column elementor-element elementor-element-be90120\" data-id=\"be90120\" data-element_type=\"column\">\n\t\t\t<div class=\"elementor-widget-wrap elementor-element-populated\">\n\t\t\t\t\t\t<div class=\"elementor-element elementor-element-8beab4a elementor-widget elementor-widget-heading\" data-id=\"8beab4a\" data-element_type=\"widget\" data-widget_type=\"heading.default\">\n\t\t\t\t<div class=\"elementor-widget-container\">\n\t\t\t\t\t<h2 class=\"elementor-heading-title elementor-size-default\">O M\u00e9todo<\/h2>\t\t\t\t<\/div>\n\t\t\t\t<\/div>\n\t\t\t\t<div class=\"elementor-element elementor-element-65afd4a elementor-widget elementor-widget-text-editor\" data-id=\"65afd4a\" data-element_type=\"widget\" data-widget_type=\"text-editor.default\">\n\t\t\t\t<div class=\"elementor-widget-container\">\n\t\t\t\t\t\t\t\t\t<p><strong>As opera\u00e7\u00f5es atuais de alimentos e bebidas<\/strong> seguem esse processo:<\/p>\n<ol>\n<li>Usu\u00e1rio chega<\/li>\n<li>Gar\u00e7om pega os pedidos (n\u00e3o pagos)<\/li>\n<li>Gar\u00e7om captura os pedidos<\/li>\n<li>Gar\u00e7om imprime a conta<\/li>\n<li>Gar\u00e7om coleta pagamentos em dinheiro e vouchers (com conectividade)<\/li>\n<li>Gerente concilia contas entre dinheiro, vouchers, contas e pedidos, cada um vindo de diferentes fontes de informa\u00e7\u00e3o<\/li>\n<li>Propriet\u00e1rios esperam acertar as contas a tempo<\/li>\n<\/ol>\n\t\t\t\t\t\t\t\t<\/div>\n\t\t\t\t<\/div>\n\t\t\t\t<div class=\"elementor-element elementor-element-1033b95 elementor-widget elementor-widget-text-editor\" data-id=\"1033b95\" data-element_type=\"widget\" data-widget_type=\"text-editor.default\">\n\t\t\t\t<div class=\"elementor-widget-container\">\n\t\t\t\t\t\t\t\t\t<p><strong>Experi\u00eancia centrada no servi\u00e7o<\/strong> com <strong>mycashless<\/strong><\/p>\n<ol>\n<li>Usu\u00e1rio vincula um cart\u00e3o (ou adiciona saldo)<\/li>\n<li>Gar\u00e7om faz vendas tocando\/escaneando (saldo pr\u00e9-pago ou saldo pr\u00e9-autorizado de cart\u00f5es vinculados)<\/li>\n<li>Cozinhas e bares enviam pedidos (j\u00e1 pagos) por cliente (mais r\u00e1pido que envio por mesa)<\/li>\n<li>Os propriet\u00e1rios t\u00eam total visibilidade do neg\u00f3cio (com um processo limpo separando o aspecto do servi\u00e7o do manuseio do dinheiro)<\/li>\n<\/ol>\n<p>Este \u00e9 o poder de gerenciar transa\u00e7\u00f5es financeiras de maneira separada, eficiente e segura para aumentar a satisfa\u00e7\u00e3o geral do usu\u00e1rio e a efic\u00e1cia operacional. <\/p>\n<p>\u00c9 por isso que gostamos de dizer que mycashless habilita um processo antes de ser um conjunto tecnol\u00f3gico de produtos para torn\u00e1-lo poss\u00edvel.<\/p>\n<p>Participe! <\/p>\n<p>Aproveite ao m\u00e1ximo com my<strong>cashless<\/strong><\/p>\n\t\t\t\t\t\t\t\t<\/div>\n\t\t\t\t<\/div>\n\t\t\t\t\t<\/div>\n\t\t<\/div>\n\t\t\t\t\t<\/div>\n\t\t<\/section>\n\t\t\t\t<\/div>\n\t\t","protected":false},"excerpt":{"rendered":"<p>O M\u00e9todo As opera\u00e7\u00f5es atuais de alimentos e bebidas seguem esse processo: Usu\u00e1rio chega Gar\u00e7om pega os pedidos (n\u00e3o pagos) Gar\u00e7om captura os pedidos Gar\u00e7om imprime a conta Gar\u00e7om coleta pagamentos em dinheiro e vouchers (com conectividade) Gerente concilia contas entre dinheiro, vouchers, contas e pedidos, cada um vindo de diferentes fontes de informa\u00e7\u00e3o Propriet\u00e1rios [&hellip;]<\/p>\n","protected":false},"author":15,"featured_media":0,"parent":0,"menu_order":0,"comment_status":"closed","ping_status":"closed","template":"","meta":{"site-sidebar-layout":"no-sidebar","site-content-layout":"page-builder","ast-site-content-layout":"full-width-container","site-content-style":"default","site-sidebar-style":"default","ast-global-header-display":"","ast-banner-title-visibility":"","ast-main-header-display":"","ast-hfb-above-header-display":"","ast-hfb-below-header-display":"","ast-hfb-mobile-header-display":"","site-post-title":"disabled","ast-breadcrumbs-content":"","ast-featured-img":"disabled","footer-sml-layout":"","theme-transparent-header-meta":"","adv-header-id-meta":"","stick-header-meta":"","header-above-stick-meta":"","header-main-stick-meta":"","header-below-stick-meta":"","astra-migrate-meta-layouts":"default","ast-page-background-enabled":"default","ast-page-background-meta":{"desktop":{"background-color":"","background-image":"","background-repeat":"repeat","background-position":"center center","background-size":"auto","background-attachment":"scroll","background-type":"","background-media":"","overlay-type":"","overlay-color":"","overlay-opacity":"","overlay-gradient":""},"tablet":{"background-color":"","background-image":"","background-repeat":"repeat","background-position":"center center","background-size":"auto","background-attachment":"scroll","background-type":"","background-media":"","overlay-type":"","overlay-color":"","overlay-opacity":"","overlay-gradient":""},"mobile":{"background-color":"","background-image":"","background-repeat":"repeat","background-position":"center center","background-size":"auto","background-attachment":"scroll","background-type":"","background-media":"","overlay-type":"","overlay-color":"","overlay-opacity":"","overlay-gradient":""}},"ast-content-background-meta":{"desktop":{"background-color":"var(--ast-global-color-5)","background-image":"","background-repeat":"repeat","background-position":"center center","background-size":"auto","background-attachment":"scroll","background-type":"","background-media":"","overlay-type":"","overlay-color":"","overlay-opacity":"","overlay-gradient":""},"tablet":{"background-color":"var(--ast-global-color-5)","background-image":"","background-repeat":"repeat","background-position":"center center","background-size":"auto","background-attachment":"scroll","background-type":"","background-media":"","overlay-type":"","overlay-color":"","overlay-opacity":"","overlay-gradient":""},"mobile":{"background-color":"var(--ast-global-color-5)","background-image":"","background-repeat":"repeat","background-position":"center center","background-size":"auto","background-attachment":"scroll","background-type":"","background-media":"","overlay-type":"","overlay-color":"","overlay-opacity":"","overlay-gradient":""}},"footnotes":""},"class_list":["post-13520","page","type-page","status-publish","hentry"],"yoast_head":"<!-- This site is optimized with the Yoast SEO plugin v25.4 - https:\/\/yoast.com\/wordpress\/plugins\/seo\/ -->\n<title>O M\u00e9todo - mycashless<\/title>\n<meta name=\"description\" content=\"Este \u00e9 o poder de gerenciar transa\u00e7\u00f5es financeiras de forma separada, eficiente e segura para aumentar a satisfa\u00e7\u00e3o geral do usu\u00e1rio\" \/>\n<meta name=\"robots\" content=\"index, follow, max-snippet:-1, max-image-preview:large, max-video-preview:-1\" \/>\n<link rel=\"canonical\" href=\"https:\/\/mycashless.com\/pt-br\/o-metodo\/\" \/>\n<meta property=\"og:locale\" content=\"pt_BR\" \/>\n<meta property=\"og:type\" content=\"article\" \/>\n<meta property=\"og:title\" content=\"O M\u00e9todo - mycashless\" \/>\n<meta property=\"og:description\" content=\"Este \u00e9 o poder de gerenciar transa\u00e7\u00f5es financeiras de forma separada, eficiente e segura para aumentar a satisfa\u00e7\u00e3o geral do usu\u00e1rio\" \/>\n<meta property=\"og:url\" content=\"https:\/\/mycashless.com\/pt-br\/o-metodo\/\" \/>\n<meta property=\"og:site_name\" content=\"mycashless\" \/>\n<meta name=\"twitter:card\" content=\"summary_large_image\" \/>\n<meta name=\"twitter:label1\" content=\"Est. tempo de leitura\" \/>\n\t<meta name=\"twitter:data1\" content=\"1 minuto\" \/>\n<script type=\"application\/ld+json\" class=\"yoast-schema-graph\">{\"@context\":\"https:\/\/schema.org\",\"@graph\":[{\"@type\":\"WebPage\",\"@id\":\"https:\/\/mycashless.com\/pt-br\/o-metodo\/\",\"url\":\"https:\/\/mycashless.com\/pt-br\/o-metodo\/\",\"name\":\"O M\u00e9todo - mycashless\",\"isPartOf\":{\"@id\":\"https:\/\/mycashless.com\/#website\"},\"datePublished\":\"2024-07-12T01:33:21+00:00\",\"description\":\"Este \u00e9 o poder de gerenciar transa\u00e7\u00f5es financeiras de forma separada, eficiente e segura para aumentar a satisfa\u00e7\u00e3o geral do usu\u00e1rio\",\"breadcrumb\":{\"@id\":\"https:\/\/mycashless.com\/pt-br\/o-metodo\/#breadcrumb\"},\"inLanguage\":\"pt-BR\",\"potentialAction\":[{\"@type\":\"ReadAction\",\"target\":[\"https:\/\/mycashless.com\/pt-br\/o-metodo\/\"]}]},{\"@type\":\"BreadcrumbList\",\"@id\":\"https:\/\/mycashless.com\/pt-br\/o-metodo\/#breadcrumb\",\"itemListElement\":[{\"@type\":\"ListItem\",\"position\":1,\"name\":\"Home\",\"item\":\"https:\/\/mycashless.com\/pt-br\/\"},{\"@type\":\"ListItem\",\"position\":2,\"name\":\"O M\u00e9todo\"}]},{\"@type\":\"WebSite\",\"@id\":\"https:\/\/mycashless.com\/#website\",\"url\":\"https:\/\/mycashless.com\/\",\"name\":\"mycashless\",\"description\":\"An Easy, Secure Solution for Cashless\u00ae Payments, Access, and Upgrades, Online or Offline, with or without Wristbands.\",\"publisher\":{\"@id\":\"https:\/\/mycashless.com\/#organization\"},\"potentialAction\":[{\"@type\":\"SearchAction\",\"target\":{\"@type\":\"EntryPoint\",\"urlTemplate\":\"https:\/\/mycashless.com\/?s={search_term_string}\"},\"query-input\":{\"@type\":\"PropertyValueSpecification\",\"valueRequired\":true,\"valueName\":\"search_term_string\"}}],\"inLanguage\":\"pt-BR\"},{\"@type\":\"Organization\",\"@id\":\"https:\/\/mycashless.com\/#organization\",\"name\":\"mycashless\",\"url\":\"https:\/\/mycashless.com\/\",\"logo\":{\"@type\":\"ImageObject\",\"inLanguage\":\"pt-BR\",\"@id\":\"https:\/\/mycashless.com\/#\/schema\/logo\/image\/\",\"url\":\"https:\/\/mycashless.com\/wp-content\/uploads\/2024\/09\/obsessedUntitled1.jpeg\",\"contentUrl\":\"https:\/\/mycashless.com\/wp-content\/uploads\/2024\/09\/obsessedUntitled1.jpeg\",\"width\":764,\"height\":764,\"caption\":\"mycashless\"},\"image\":{\"@id\":\"https:\/\/mycashless.com\/#\/schema\/logo\/image\/\"}}]}<\/script>\n<!-- \/ Yoast SEO plugin. -->","yoast_head_json":{"title":"O M\u00e9todo - mycashless","description":"Este \u00e9 o poder de gerenciar transa\u00e7\u00f5es financeiras de forma separada, eficiente e segura para aumentar a satisfa\u00e7\u00e3o geral do usu\u00e1rio","robots":{"index":"index","follow":"follow","max-snippet":"max-snippet:-1","max-image-preview":"max-image-preview:large","max-video-preview":"max-video-preview:-1"},"canonical":"https:\/\/mycashless.com\/pt-br\/o-metodo\/","og_locale":"pt_BR","og_type":"article","og_title":"O M\u00e9todo - mycashless","og_description":"Este \u00e9 o poder de gerenciar transa\u00e7\u00f5es financeiras de forma separada, eficiente e segura para aumentar a satisfa\u00e7\u00e3o geral do usu\u00e1rio","og_url":"https:\/\/mycashless.com\/pt-br\/o-metodo\/","og_site_name":"mycashless","twitter_card":"summary_large_image","twitter_misc":{"Est. tempo de leitura":"1 minuto"},"schema":{"@context":"https:\/\/schema.org","@graph":[{"@type":"WebPage","@id":"https:\/\/mycashless.com\/pt-br\/o-metodo\/","url":"https:\/\/mycashless.com\/pt-br\/o-metodo\/","name":"O M\u00e9todo - mycashless","isPartOf":{"@id":"https:\/\/mycashless.com\/#website"},"datePublished":"2024-07-12T01:33:21+00:00","description":"Este \u00e9 o poder de gerenciar transa\u00e7\u00f5es financeiras de forma separada, eficiente e segura para aumentar a satisfa\u00e7\u00e3o geral do usu\u00e1rio","breadcrumb":{"@id":"https:\/\/mycashless.com\/pt-br\/o-metodo\/#breadcrumb"},"inLanguage":"pt-BR","potentialAction":[{"@type":"ReadAction","target":["https:\/\/mycashless.com\/pt-br\/o-metodo\/"]}]},{"@type":"BreadcrumbList","@id":"https:\/\/mycashless.com\/pt-br\/o-metodo\/#breadcrumb","itemListElement":[{"@type":"ListItem","position":1,"name":"Home","item":"https:\/\/mycashless.com\/pt-br\/"},{"@type":"ListItem","position":2,"name":"O M\u00e9todo"}]},{"@type":"WebSite","@id":"https:\/\/mycashless.com\/#website","url":"https:\/\/mycashless.com\/","name":"mycashless","description":"An Easy, Secure Solution for Cashless\u00ae Payments, Access, and Upgrades, Online or Offline, with or without Wristbands.","publisher":{"@id":"https:\/\/mycashless.com\/#organization"},"potentialAction":[{"@type":"SearchAction","target":{"@type":"EntryPoint","urlTemplate":"https:\/\/mycashless.com\/?s={search_term_string}"},"query-input":{"@type":"PropertyValueSpecification","valueRequired":true,"valueName":"search_term_string"}}],"inLanguage":"pt-BR"},{"@type":"Organization","@id":"https:\/\/mycashless.com\/#organization","name":"mycashless","url":"https:\/\/mycashless.com\/","logo":{"@type":"ImageObject","inLanguage":"pt-BR","@id":"https:\/\/mycashless.com\/#\/schema\/logo\/image\/","url":"https:\/\/mycashless.com\/wp-content\/uploads\/2024\/09\/obsessedUntitled1.jpeg","contentUrl":"https:\/\/mycashless.com\/wp-content\/uploads\/2024\/09\/obsessedUntitled1.jpeg","width":764,"height":764,"caption":"mycashless"},"image":{"@id":"https:\/\/mycashless.com\/#\/schema\/logo\/image\/"}}]}},"_links":{"self":[{"href":"https:\/\/mycashless.com\/pt-br\/wp-json\/wp\/v2\/pages\/13520","targetHints":{"allow":["GET"]}}],"collection":[{"href":"https:\/\/mycashless.com\/pt-br\/wp-json\/wp\/v2\/pages"}],"about":[{"href":"https:\/\/mycashless.com\/pt-br\/wp-json\/wp\/v2\/types\/page"}],"author":[{"embeddable":true,"href":"https:\/\/mycashless.com\/pt-br\/wp-json\/wp\/v2\/users\/15"}],"replies":[{"embeddable":true,"href":"https:\/\/mycashless.com\/pt-br\/wp-json\/wp\/v2\/comments?post=13520"}],"version-history":[{"count":1,"href":"https:\/\/mycashless.com\/pt-br\/wp-json\/wp\/v2\/pages\/13520\/revisions"}],"predecessor-version":[{"id":13521,"href":"https:\/\/mycashless.com\/pt-br\/wp-json\/wp\/v2\/pages\/13520\/revisions\/13521"}],"wp:attachment":[{"href":"https:\/\/mycashless.com\/pt-br\/wp-json\/wp\/v2\/media?parent=13520"}],"curies":[{"name":"wp","href":"https:\/\/api.w.org\/{rel}","templated":true}]}}