{"id":13528,"date":"2024-07-12T04:32:26","date_gmt":"2024-07-12T04:32:26","guid":{"rendered":"https:\/\/mycashless.com\/manifesto\/"},"modified":"2024-07-12T04:32:26","modified_gmt":"2024-07-12T04:32:26","slug":"manifesto","status":"publish","type":"page","link":"https:\/\/mycashless.com\/pt-br\/manifesto\/","title":{"rendered":"Manifesto"},"content":{"rendered":"\t\t<div data-elementor-type=\"wp-page\" data-elementor-id=\"13528\" class=\"elementor elementor-13528 elementor-10162\" data-elementor-post-type=\"page\">\n\t\t\t\t<div class=\"elementor-element elementor-element-6183f34 e-flex e-con-boxed e-con e-parent\" data-id=\"6183f34\" data-element_type=\"container\">\n\t\t\t\t\t<div class=\"e-con-inner\">\n\t\t\t\t<div class=\"elementor-element elementor-element-a279b2f elementor-widget elementor-widget-html\" data-id=\"a279b2f\" data-element_type=\"widget\" data-widget_type=\"html.default\">\n\t\t\t\t<div class=\"elementor-widget-container\">\n\t\t\t\t\t<style>\n.grid-overlay {\n    position: fixed;\n    top: 0;\n    left: 0; \/* Align to the left edge of the viewport *\/\n    width: 100%;\n    height: 100vh; \/* Full viewport height *\/\n    display: grid;\n    grid-template-columns: 1fr 287px 287px 287px 287px 1fr; \/* Central columns fixed, outer columns flexible *\/\n    z-index: 1;\n    pointer-events: none; \/* Allows clicks to pass through *\/\n}\n\n.grid-overlay .column {\n    border-right: 1px dashed rgba(217, 217, 217, 0.5); \/* Dashed border on the right only *\/\n    height: 100%;\n}\n\n\/* Remove the right border from the last column to prevent an extra line *\/\n.grid-overlay .column:last-child {\n    border-right: none;\n}\n\n\/* Optional: if you need a border on the very left, uncomment below *\/\n\/* .grid-overlay .column:first-child {\n    border-left: 2px dashed #ccc;\n} *\/\n<\/style>\n\n<div class=\"grid-overlay\">\n    <div class=\"column\"><\/div> <!-- First flexible column -->\n    <div class=\"column\"><\/div> <!-- Fixed-width column -->\n    <div class=\"column\"><\/div> <!-- Fixed-width column -->\n    <div class=\"column\"><\/div> <!-- Fixed-width column -->\n    <div class=\"column\"><\/div> <!-- Fixed-width column -->\n    <div class=\"column\"><\/div> <!-- Last flexible column -->\n<\/div>\t\t\t\t<\/div>\n\t\t\t\t<\/div>\n\t\t\t\t\t<\/div>\n\t\t\t\t<\/div>\n\t\t\t\t<section class=\"elementor-section elementor-top-section elementor-element elementor-element-ea6fd44 elementor-section-boxed elementor-section-height-default elementor-section-height-default\" data-id=\"ea6fd44\" data-element_type=\"section\">\n\t\t\t\t\t\t<div class=\"elementor-container elementor-column-gap-default\">\n\t\t\t\t\t<div class=\"elementor-column elementor-col-100 elementor-top-column elementor-element elementor-element-be90120\" data-id=\"be90120\" data-element_type=\"column\">\n\t\t\t<div class=\"elementor-widget-wrap elementor-element-populated\">\n\t\t\t\t\t\t<div class=\"elementor-element elementor-element-8beab4a elementor-widget elementor-widget-heading\" data-id=\"8beab4a\" data-element_type=\"widget\" data-widget_type=\"heading.default\">\n\t\t\t\t<div class=\"elementor-widget-container\">\n\t\t\t\t\t<h2 class=\"elementor-heading-title elementor-size-default\">Manifesto da Marca<\/h2>\t\t\t\t<\/div>\n\t\t\t\t<\/div>\n\t\t\t\t<div class=\"elementor-element elementor-element-04b9cd2 elementor-widget elementor-widget-text-editor\" data-id=\"04b9cd2\" data-element_type=\"widget\" data-widget_type=\"text-editor.default\">\n\t\t\t\t<div class=\"elementor-widget-container\">\n\t\t\t\t\t\t\t\t\t<p>Chamando todos os criadores de ponta. Aqueles que est\u00e3o em plena presen\u00e7a e autenticidade. Aqueles que empurram os limites. Aqueles que fazem por amor, beleza e arte. Aqueles que unem pessoas para inspirar e co-criar melhores formas de viver. Aqueles que ousam sair da zona de conforto e arriscar tudo. <\/p>\n<p>Vamos ser realistas, os recursos s\u00e3o limitados e facilmente esgotados. Os riscos s\u00e3o significativos, as coisas podem ficar confusas rapidamente. Quem sabe quando as vulnerabilidades v\u00e3o aparecer, restringindo voc\u00ea de fazer o que ama. <\/p>\n<p><strong>mycashless \u00e9 um convite para otimizar as opera\u00e7\u00f5es comerciais e de pagamento do seu of\u00edcio. <\/strong>  <\/p>\n<p>Estamos ao seu lado para ajud\u00e1-lo a prosperar aumentando suas receitas. Oferecemos a tecnologia que funciona em todos os ambientes desafiadores, incluindo aqueles com conectividade saturada, pouca ou nenhuma. Simplificamos seu processo de transa\u00e7\u00e3o para que voc\u00ea possa se <strong>concentrar com confian\u00e7a em criar o seu melhor e continuar a tornar o mundo um lugar mais maravilhoso para viver. <\/strong> <\/p>\n<p>APROVEITE AO M\u00c1XIMO com my<strong>cashless<\/strong><\/p>\n\t\t\t\t\t\t\t\t<\/div>\n\t\t\t\t<\/div>\n\t\t\t\t\t<\/div>\n\t\t<\/div>\n\t\t\t\t\t<\/div>\n\t\t<\/section>\n\t\t\t\t<\/div>\n\t\t","protected":false},"excerpt":{"rendered":"<p>Manifesto da Marca Chamando todos os criadores de ponta. Aqueles que est\u00e3o em plena presen\u00e7a e autenticidade. Aqueles que empurram os limites. Aqueles que fazem por amor, beleza e arte. Aqueles que unem pessoas para inspirar e co-criar melhores formas de viver. Aqueles que ousam sair da zona de conforto e arriscar tudo. Vamos ser [&hellip;]<\/p>\n","protected":false},"author":15,"featured_media":0,"parent":0,"menu_order":0,"comment_status":"closed","ping_status":"closed","template":"","meta":{"site-sidebar-layout":"no-sidebar","site-content-layout":"page-builder","ast-site-content-layout":"full-width-container","site-content-style":"default","site-sidebar-style":"default","ast-global-header-display":"","ast-banner-title-visibility":"","ast-main-header-display":"","ast-hfb-above-header-display":"","ast-hfb-below-header-display":"","ast-hfb-mobile-header-display":"","site-post-title":"disabled","ast-breadcrumbs-content":"","ast-featured-img":"disabled","footer-sml-layout":"","theme-transparent-header-meta":"","adv-header-id-meta":"","stick-header-meta":"","header-above-stick-meta":"","header-main-stick-meta":"","header-below-stick-meta":"","astra-migrate-meta-layouts":"default","ast-page-background-enabled":"default","ast-page-background-meta":{"desktop":{"background-color":"","background-image":"","background-repeat":"repeat","background-position":"center center","background-size":"auto","background-attachment":"scroll","background-type":"","background-media":"","overlay-type":"","overlay-color":"","overlay-opacity":"","overlay-gradient":""},"tablet":{"background-color":"","background-image":"","background-repeat":"repeat","background-position":"center center","background-size":"auto","background-attachment":"scroll","background-type":"","background-media":"","overlay-type":"","overlay-color":"","overlay-opacity":"","overlay-gradient":""},"mobile":{"background-color":"","background-image":"","background-repeat":"repeat","background-position":"center center","background-size":"auto","background-attachment":"scroll","background-type":"","background-media":"","overlay-type":"","overlay-color":"","overlay-opacity":"","overlay-gradient":""}},"ast-content-background-meta":{"desktop":{"background-color":"var(--ast-global-color-5)","background-image":"","background-repeat":"repeat","background-position":"center center","background-size":"auto","background-attachment":"scroll","background-type":"","background-media":"","overlay-type":"","overlay-color":"","overlay-opacity":"","overlay-gradient":""},"tablet":{"background-color":"var(--ast-global-color-5)","background-image":"","background-repeat":"repeat","background-position":"center center","background-size":"auto","background-attachment":"scroll","background-type":"","background-media":"","overlay-type":"","overlay-color":"","overlay-opacity":"","overlay-gradient":""},"mobile":{"background-color":"var(--ast-global-color-5)","background-image":"","background-repeat":"repeat","background-position":"center center","background-size":"auto","background-attachment":"scroll","background-type":"","background-media":"","overlay-type":"","overlay-color":"","overlay-opacity":"","overlay-gradient":""}},"footnotes":""},"class_list":["post-13528","page","type-page","status-publish","hentry"],"yoast_head":"<!-- This site is optimized with the Yoast SEO plugin v25.4 - https:\/\/yoast.com\/wordpress\/plugins\/seo\/ -->\n<title>Manifesto - mycashless<\/title>\n<meta name=\"description\" content=\"Chamando todos os criadores de ponta. Aqueles que est\u00e3o em plena presen\u00e7a e autenticidade. Aqueles que empurram os limites.\" \/>\n<meta name=\"robots\" content=\"index, follow, max-snippet:-1, max-image-preview:large, max-video-preview:-1\" \/>\n<link rel=\"canonical\" href=\"https:\/\/mycashless.com\/pt-br\/manifesto\/\" \/>\n<meta property=\"og:locale\" content=\"pt_BR\" \/>\n<meta property=\"og:type\" content=\"article\" \/>\n<meta property=\"og:title\" content=\"Manifesto - mycashless\" \/>\n<meta property=\"og:description\" content=\"Chamando todos os criadores de ponta. Aqueles que est\u00e3o em plena presen\u00e7a e autenticidade. Aqueles que empurram os limites.\" \/>\n<meta property=\"og:url\" content=\"https:\/\/mycashless.com\/pt-br\/manifesto\/\" \/>\n<meta property=\"og:site_name\" content=\"mycashless\" \/>\n<meta name=\"twitter:card\" content=\"summary_large_image\" \/>\n<meta name=\"twitter:label1\" content=\"Est. tempo de leitura\" \/>\n\t<meta name=\"twitter:data1\" content=\"1 minuto\" \/>\n<script type=\"application\/ld+json\" class=\"yoast-schema-graph\">{\"@context\":\"https:\/\/schema.org\",\"@graph\":[{\"@type\":\"WebPage\",\"@id\":\"https:\/\/mycashless.com\/pt-br\/manifesto\/\",\"url\":\"https:\/\/mycashless.com\/pt-br\/manifesto\/\",\"name\":\"Manifesto - mycashless\",\"isPartOf\":{\"@id\":\"https:\/\/mycashless.com\/#website\"},\"datePublished\":\"2024-07-12T04:32:26+00:00\",\"description\":\"Chamando todos os criadores de ponta. Aqueles que est\u00e3o em plena presen\u00e7a e autenticidade. Aqueles que empurram os limites.\",\"breadcrumb\":{\"@id\":\"https:\/\/mycashless.com\/pt-br\/manifesto\/#breadcrumb\"},\"inLanguage\":\"pt-BR\",\"potentialAction\":[{\"@type\":\"ReadAction\",\"target\":[\"https:\/\/mycashless.com\/pt-br\/manifesto\/\"]}]},{\"@type\":\"BreadcrumbList\",\"@id\":\"https:\/\/mycashless.com\/pt-br\/manifesto\/#breadcrumb\",\"itemListElement\":[{\"@type\":\"ListItem\",\"position\":1,\"name\":\"Home\",\"item\":\"https:\/\/mycashless.com\/pt-br\/\"},{\"@type\":\"ListItem\",\"position\":2,\"name\":\"Manifesto\"}]},{\"@type\":\"WebSite\",\"@id\":\"https:\/\/mycashless.com\/#website\",\"url\":\"https:\/\/mycashless.com\/\",\"name\":\"mycashless\",\"description\":\"An Easy, Secure Solution for Cashless\u00ae Payments, Access, and Upgrades, Online or Offline, with or without Wristbands.\",\"publisher\":{\"@id\":\"https:\/\/mycashless.com\/#organization\"},\"potentialAction\":[{\"@type\":\"SearchAction\",\"target\":{\"@type\":\"EntryPoint\",\"urlTemplate\":\"https:\/\/mycashless.com\/?s={search_term_string}\"},\"query-input\":{\"@type\":\"PropertyValueSpecification\",\"valueRequired\":true,\"valueName\":\"search_term_string\"}}],\"inLanguage\":\"pt-BR\"},{\"@type\":\"Organization\",\"@id\":\"https:\/\/mycashless.com\/#organization\",\"name\":\"mycashless\",\"url\":\"https:\/\/mycashless.com\/\",\"logo\":{\"@type\":\"ImageObject\",\"inLanguage\":\"pt-BR\",\"@id\":\"https:\/\/mycashless.com\/#\/schema\/logo\/image\/\",\"url\":\"https:\/\/mycashless.com\/wp-content\/uploads\/2024\/09\/obsessedUntitled1.jpeg\",\"contentUrl\":\"https:\/\/mycashless.com\/wp-content\/uploads\/2024\/09\/obsessedUntitled1.jpeg\",\"width\":764,\"height\":764,\"caption\":\"mycashless\"},\"image\":{\"@id\":\"https:\/\/mycashless.com\/#\/schema\/logo\/image\/\"}}]}<\/script>\n<!-- \/ Yoast SEO plugin. -->","yoast_head_json":{"title":"Manifesto - mycashless","description":"Chamando todos os criadores de ponta. Aqueles que est\u00e3o em plena presen\u00e7a e autenticidade. Aqueles que empurram os limites.","robots":{"index":"index","follow":"follow","max-snippet":"max-snippet:-1","max-image-preview":"max-image-preview:large","max-video-preview":"max-video-preview:-1"},"canonical":"https:\/\/mycashless.com\/pt-br\/manifesto\/","og_locale":"pt_BR","og_type":"article","og_title":"Manifesto - mycashless","og_description":"Chamando todos os criadores de ponta. Aqueles que est\u00e3o em plena presen\u00e7a e autenticidade. Aqueles que empurram os limites.","og_url":"https:\/\/mycashless.com\/pt-br\/manifesto\/","og_site_name":"mycashless","twitter_card":"summary_large_image","twitter_misc":{"Est. tempo de leitura":"1 minuto"},"schema":{"@context":"https:\/\/schema.org","@graph":[{"@type":"WebPage","@id":"https:\/\/mycashless.com\/pt-br\/manifesto\/","url":"https:\/\/mycashless.com\/pt-br\/manifesto\/","name":"Manifesto - mycashless","isPartOf":{"@id":"https:\/\/mycashless.com\/#website"},"datePublished":"2024-07-12T04:32:26+00:00","description":"Chamando todos os criadores de ponta. Aqueles que est\u00e3o em plena presen\u00e7a e autenticidade. Aqueles que empurram os limites.","breadcrumb":{"@id":"https:\/\/mycashless.com\/pt-br\/manifesto\/#breadcrumb"},"inLanguage":"pt-BR","potentialAction":[{"@type":"ReadAction","target":["https:\/\/mycashless.com\/pt-br\/manifesto\/"]}]},{"@type":"BreadcrumbList","@id":"https:\/\/mycashless.com\/pt-br\/manifesto\/#breadcrumb","itemListElement":[{"@type":"ListItem","position":1,"name":"Home","item":"https:\/\/mycashless.com\/pt-br\/"},{"@type":"ListItem","position":2,"name":"Manifesto"}]},{"@type":"WebSite","@id":"https:\/\/mycashless.com\/#website","url":"https:\/\/mycashless.com\/","name":"mycashless","description":"An Easy, Secure Solution for Cashless\u00ae Payments, Access, and Upgrades, Online or Offline, with or without Wristbands.","publisher":{"@id":"https:\/\/mycashless.com\/#organization"},"potentialAction":[{"@type":"SearchAction","target":{"@type":"EntryPoint","urlTemplate":"https:\/\/mycashless.com\/?s={search_term_string}"},"query-input":{"@type":"PropertyValueSpecification","valueRequired":true,"valueName":"search_term_string"}}],"inLanguage":"pt-BR"},{"@type":"Organization","@id":"https:\/\/mycashless.com\/#organization","name":"mycashless","url":"https:\/\/mycashless.com\/","logo":{"@type":"ImageObject","inLanguage":"pt-BR","@id":"https:\/\/mycashless.com\/#\/schema\/logo\/image\/","url":"https:\/\/mycashless.com\/wp-content\/uploads\/2024\/09\/obsessedUntitled1.jpeg","contentUrl":"https:\/\/mycashless.com\/wp-content\/uploads\/2024\/09\/obsessedUntitled1.jpeg","width":764,"height":764,"caption":"mycashless"},"image":{"@id":"https:\/\/mycashless.com\/#\/schema\/logo\/image\/"}}]}},"_links":{"self":[{"href":"https:\/\/mycashless.com\/pt-br\/wp-json\/wp\/v2\/pages\/13528","targetHints":{"allow":["GET"]}}],"collection":[{"href":"https:\/\/mycashless.com\/pt-br\/wp-json\/wp\/v2\/pages"}],"about":[{"href":"https:\/\/mycashless.com\/pt-br\/wp-json\/wp\/v2\/types\/page"}],"author":[{"embeddable":true,"href":"https:\/\/mycashless.com\/pt-br\/wp-json\/wp\/v2\/users\/15"}],"replies":[{"embeddable":true,"href":"https:\/\/mycashless.com\/pt-br\/wp-json\/wp\/v2\/comments?post=13528"}],"version-history":[{"count":1,"href":"https:\/\/mycashless.com\/pt-br\/wp-json\/wp\/v2\/pages\/13528\/revisions"}],"predecessor-version":[{"id":13529,"href":"https:\/\/mycashless.com\/pt-br\/wp-json\/wp\/v2\/pages\/13528\/revisions\/13529"}],"wp:attachment":[{"href":"https:\/\/mycashless.com\/pt-br\/wp-json\/wp\/v2\/media?parent=13528"}],"curies":[{"name":"wp","href":"https:\/\/api.w.org\/{rel}","templated":true}]}}