{"id":13640,"date":"2024-07-25T15:51:37","date_gmt":"2024-07-25T15:51:37","guid":{"rendered":"https:\/\/mycashless.com\/api-reference\/"},"modified":"2024-07-25T15:51:37","modified_gmt":"2024-07-25T15:51:37","slug":"api-reference","status":"publish","type":"page","link":"https:\/\/mycashless.com\/pt-br\/api-reference\/","title":{"rendered":"API-reference"},"content":{"rendered":"\t\t<div data-elementor-type=\"wp-page\" data-elementor-id=\"13640\" class=\"elementor elementor-13640 elementor-10364\" data-elementor-post-type=\"page\">\n\t\t\t\t<div class=\"elementor-element elementor-element-cec47b7 e-flex e-con-boxed e-con e-parent\" data-id=\"cec47b7\" data-element_type=\"container\">\n\t\t\t\t\t<div class=\"e-con-inner\">\n\t\t\t\t<div class=\"elementor-element elementor-element-d233b94 elementor-widget elementor-widget-html\" data-id=\"d233b94\" data-element_type=\"widget\" data-widget_type=\"html.default\">\n\t\t\t\t<div class=\"elementor-widget-container\">\n\t\t\t\t\t<style>\n.grid-overlay {\n    position: fixed;\n    top: 0;\n    left: 0; \/* Align to the left edge of the viewport *\/\n    width: 100%;\n    height: 100vh; \/* Full viewport height *\/\n    display: grid;\n    grid-template-columns: 1fr 287px 287px 287px 287px 1fr; \/* Central columns fixed, outer columns flexible *\/\n    z-index: 1;\n    pointer-events: none; \/* Allows clicks to pass through *\/\n}\n\n.grid-overlay .column {\n    border-right: 1px dashed rgba(217, 217, 217, 0.5); \/* Dashed border on the right only *\/\n    height: 100%;\n}\n\n\/* Remove the right border from the last column to prevent an extra line *\/\n.grid-overlay .column:last-child {\n    border-right: none;\n}\n\n\/* Optional: if you need a border on the very left, uncomment below *\/\n\/* .grid-overlay .column:first-child {\n    border-left: 2px dashed #ccc;\n} *\/\n<\/style>\n\n<div class=\"grid-overlay\">\n    <div class=\"column\"><\/div> <!-- First flexible column -->\n    <div class=\"column\"><\/div> <!-- Fixed-width column -->\n    <div class=\"column\"><\/div> <!-- Fixed-width column -->\n    <div class=\"column\"><\/div> <!-- Fixed-width column -->\n    <div class=\"column\"><\/div> <!-- Fixed-width column -->\n    <div class=\"column\"><\/div> <!-- Last flexible column -->\n<\/div>\t\t\t\t<\/div>\n\t\t\t\t<\/div>\n\t\t\t\t\t<\/div>\n\t\t\t\t<\/div>\n\t\t\t\t<section class=\"elementor-section elementor-top-section elementor-element elementor-element-ea6fd44 elementor-section-boxed elementor-section-height-default elementor-section-height-default\" data-id=\"ea6fd44\" data-element_type=\"section\">\n\t\t\t\t\t\t<div class=\"elementor-container elementor-column-gap-default\">\n\t\t\t\t\t<div class=\"elementor-column elementor-col-100 elementor-top-column elementor-element elementor-element-be90120\" data-id=\"be90120\" data-element_type=\"column\">\n\t\t\t<div class=\"elementor-widget-wrap elementor-element-populated\">\n\t\t\t\t\t\t<div class=\"elementor-element elementor-element-8beab4a elementor-widget elementor-widget-heading\" data-id=\"8beab4a\" data-element_type=\"widget\" data-widget_type=\"heading.default\">\n\t\t\t\t<div class=\"elementor-widget-container\">\n\t\t\t\t\t<h2 class=\"elementor-heading-title elementor-size-default\">Eleve a sua experi\u00eancia de venda de ingressos com a API mycashless<\/h2>\t\t\t\t<\/div>\n\t\t\t\t<\/div>\n\t\t\t\t<div class=\"elementor-element elementor-element-04b9cd2 elementor-widget elementor-widget-text-editor\" data-id=\"04b9cd2\" data-element_type=\"widget\" data-widget_type=\"text-editor.default\">\n\t\t\t\t<div class=\"elementor-widget-container\">\n\t\t\t\t\t\t\t\t\t<p>Junte-se \u00e0 revolu\u00e7\u00e3o digital com a API mycashless. Diga adeus \u00e0s vendas perdidas e abrace o poder do acesso e pagamentos cashless\u00ae. Fa\u00e7a parte da crescente comunidade de mais de 1500 eventos e opera\u00e7\u00f5es de alimentos e bebidas que est\u00e3o aproveitando nossa tecnologia.<\/p>\n<p><strong>Come\u00e7ando<\/strong><\/p>\n<p>Voc\u00ea usar\u00e1 os seguintes dados de acesso:<\/p>\n<ul>\n<li>URL do Sandbox<\/li>\n<li>Chave API<\/li>\n<li>UID do evento<\/li>\n<\/ul>\n<p><strong>Painel de Estat\u00edsticas do Evento<\/strong><\/p>\n<p>Fique por dentro do desempenho do seu evento com nossa interface web:<\/p>\n<ul>\n<li>URL: https:\/\/mycashless.com\/dashboard\/admin<\/li>\n<li>Usu\u00e1rio<\/li>\n<li>Senha<\/li>\n<\/ul>\n<p><strong>Adicionando Tipo de Ingresso ao Cat\u00e1logo<\/strong><\/p>\n<p>Adicione um novo tipo de ingresso ao cat\u00e1logo usando a solicita\u00e7\u00e3o POST:<\/p>\n<p>POST \/companies\/ticket<\/p>\n<p>Body:<br \/>{<br \/>&#8220;event_uid&#8221;: &#8220;xxxxx&#8221;,<br \/>&#8220;name&#8221;: &#8220;Tipo de ingresso 2&#8221;,<br \/>&#8220;price&#8221;: 0,<br \/>&#8220;ticket_date&#8221;: &#8220;2025-01-06T18:00:23.000&#8221;}<br \/>Headers:<br \/>&#8220;api_key&#8221;: &#8220;a57457173cf548a2885649adc690fee4&#8221;<\/p>\n<p><strong>Enviando Ingressos<\/strong><\/p>\n<p>Ofere\u00e7a uma experi\u00eancia de venda de ingressos sem problemas aos seus clientes usando a solicita\u00e7\u00e3o POST:<\/p>\n<p>POST \/companies\/transfer<br \/>Body:<br \/>{<br \/>&#8220;event_uid&#8221;: &#8220;xxxxx&#8221;,<br \/>&#8220;balance&#8221;: 0,<br \/>&#8220;promo_balance&#8221;: 0,<br \/>&#8220;email&#8221;: &#8220;example@domain.com&#8221;,<br \/>&#8220;ticket_uid&#8221;: &#8220;aeee0b676921403b9ab9769c0c8b9715&#8221;,<br \/>&#8220;company_ticket_id&#8221;: &#8220;be5d34cd&#8221;,<br \/>&#8220;additional_info&#8221;: {<br \/>&#8220;access_gate&#8221;: &#8220;Port\u00e3o B&#8221;,<br \/>&#8220;seat_number&#8221;: &#8220;b12&#8221;<br \/>}<br \/>}<\/p>\n<p>Headers:<br \/>&#8220;api_key&#8221;: &#8220;xxxxx&#8221;<\/p>\n<p><strong>Webhook<\/strong><\/p>\n<p>Mantenha-se atualizado com notifica\u00e7\u00f5es em tempo real quando um ingresso \u00e9 usado:<br \/>{<br \/>&#8220;event_uid&#8221;: &#8220;xxx&#8221;,<br \/>&#8220;transfer_uid&#8221;: &#8220;xxx&#8221;,<br \/>&#8220;user_email&#8221;: &#8220;xxx&#8221;,<br \/>&#8220;company_ticket_id&#8221;: &#8220;xxx&#8221;,<br \/>&#8220;status&#8221;: &#8220;USED&#8221;,<br \/>&#8220;used_timestamp&#8221;: &#8220;2022-12-26T12:00:00.000&#8221;<br \/>}<\/p>\n<p><strong>Ticket Holder Journey<\/strong><\/p>\n<p>Encante seus clientes com uma jornada de venda de ingressos sem problemas. Eles receber\u00e3o um URL dChip por e-mail no e-mail registrado, baixar\u00e3o e instalar\u00e3o o dChip, completar\u00e3o seu perfil e ver\u00e3o os ingressos que compraram.<\/p>\n<p><strong>Gerenciando M\u00faltiplos Ingressos<\/strong><\/p>\n<p>Nossa plataforma agrupa inteligentemente v\u00e1rios ingressos com o mesmo endere\u00e7o de e-mail em um \u00fanico URL dChip. Lembre-se, menos \u00e9 mais &#8211; envie apenas um e-mail para o titular do ingresso.<\/p>\n<p><strong>Ingressos Duplicados<\/strong><\/p>\n<p>Valorizamos a singularidade. Se nossa API receber um ingresso com um company_ticket_id que j\u00e1 foi usado, ela responder\u00e1 com um erro.<\/p>\n<p>Junte-se \u00e0 revolu\u00e7\u00e3o my<strong>cashless<\/strong> hoje e eleve seu processo de venda de ingressos!<\/p>\n<p>You wanna get more info? Schedule a call with our Principal Engineer<\/p>\n\t\t\t\t\t\t\t\t<\/div>\n\t\t\t\t<\/div>\n\t\t\t\t<div class=\"elementor-element elementor-element-b5fc317 elementor-mobile-align-left elementor-widget__width-auto elementor-invisible elementor-widget elementor-widget-button\" data-id=\"b5fc317\" data-element_type=\"widget\" data-settings=\"{&quot;_animation&quot;:&quot;fadeIn&quot;,&quot;_animation_delay&quot;:800}\" data-widget_type=\"button.default\">\n\t\t\t\t<div class=\"elementor-widget-container\">\n\t\t\t\t\t\t\t\t\t<div class=\"elementor-button-wrapper\">\n\t\t\t\t\t<a class=\"elementor-button elementor-button-link elementor-size-sm\" href=\"https:\/\/calendly.com\/d\/zk3-bqg-szt\" target=\"_blank\">\n\t\t\t\t\t\t<span class=\"elementor-button-content-wrapper\">\n\t\t\t\t\t\t\t\t\t<span class=\"elementor-button-text\"><div class=\"container\"><div>Agende uma liga\u00e7\u00e3o<\/div><div class=\"icon\"><div class=\"icon-inner\"><i class=\"arrow-base\"><\/i><i class=\"arrow right\"><\/i><\/div><\/div><\/div><\/span>\n\t\t\t\t\t<\/span>\n\t\t\t\t\t<\/a>\n\t\t\t\t<\/div>\n\t\t\t\t\t\t\t\t<\/div>\n\t\t\t\t<\/div>\n\t\t\t\t\t<\/div>\n\t\t<\/div>\n\t\t\t\t\t<\/div>\n\t\t<\/section>\n\t\t\t\t<\/div>\n\t\t","protected":false},"excerpt":{"rendered":"<p>Eleve a sua experi\u00eancia de venda de ingressos com a API mycashless Junte-se \u00e0 revolu\u00e7\u00e3o digital com a API mycashless. Diga adeus \u00e0s vendas perdidas e abrace o poder do acesso e pagamentos cashless\u00ae. Fa\u00e7a parte da crescente comunidade de mais de 1500 eventos e opera\u00e7\u00f5es de alimentos e bebidas que est\u00e3o aproveitando nossa tecnologia. [&hellip;]<\/p>\n","protected":false},"author":15,"featured_media":0,"parent":0,"menu_order":0,"comment_status":"closed","ping_status":"closed","template":"","meta":{"site-sidebar-layout":"no-sidebar","site-content-layout":"page-builder","ast-site-content-layout":"full-width-container","site-content-style":"default","site-sidebar-style":"default","ast-global-header-display":"","ast-banner-title-visibility":"","ast-main-header-display":"","ast-hfb-above-header-display":"","ast-hfb-below-header-display":"","ast-hfb-mobile-header-display":"","site-post-title":"disabled","ast-breadcrumbs-content":"","ast-featured-img":"disabled","footer-sml-layout":"","theme-transparent-header-meta":"","adv-header-id-meta":"","stick-header-meta":"","header-above-stick-meta":"","header-main-stick-meta":"","header-below-stick-meta":"","astra-migrate-meta-layouts":"default","ast-page-background-enabled":"default","ast-page-background-meta":{"desktop":{"background-color":"","background-image":"","background-repeat":"repeat","background-position":"center center","background-size":"auto","background-attachment":"scroll","background-type":"","background-media":"","overlay-type":"","overlay-color":"","overlay-opacity":"","overlay-gradient":""},"tablet":{"background-color":"","background-image":"","background-repeat":"repeat","background-position":"center center","background-size":"auto","background-attachment":"scroll","background-type":"","background-media":"","overlay-type":"","overlay-color":"","overlay-opacity":"","overlay-gradient":""},"mobile":{"background-color":"","background-image":"","background-repeat":"repeat","background-position":"center center","background-size":"auto","background-attachment":"scroll","background-type":"","background-media":"","overlay-type":"","overlay-color":"","overlay-opacity":"","overlay-gradient":""}},"ast-content-background-meta":{"desktop":{"background-color":"var(--ast-global-color-5)","background-image":"","background-repeat":"repeat","background-position":"center center","background-size":"auto","background-attachment":"scroll","background-type":"","background-media":"","overlay-type":"","overlay-color":"","overlay-opacity":"","overlay-gradient":""},"tablet":{"background-color":"var(--ast-global-color-5)","background-image":"","background-repeat":"repeat","background-position":"center center","background-size":"auto","background-attachment":"scroll","background-type":"","background-media":"","overlay-type":"","overlay-color":"","overlay-opacity":"","overlay-gradient":""},"mobile":{"background-color":"var(--ast-global-color-5)","background-image":"","background-repeat":"repeat","background-position":"center center","background-size":"auto","background-attachment":"scroll","background-type":"","background-media":"","overlay-type":"","overlay-color":"","overlay-opacity":"","overlay-gradient":""}},"footnotes":""},"class_list":["post-13640","page","type-page","status-publish","hentry"],"yoast_head":"<!-- This site is optimized with the Yoast SEO plugin v25.4 - https:\/\/yoast.com\/wordpress\/plugins\/seo\/ -->\n<title>API-reference - mycashless<\/title>\n<meta name=\"description\" content=\"Junte-se \u00e0 revolu\u00e7\u00e3o digital com a API mycashless. Diga adeus \u00e0s vendas perdidas e abrace o poder do acesso e pagamentos cashless\u00ae.\" \/>\n<meta name=\"robots\" content=\"index, follow, max-snippet:-1, max-image-preview:large, max-video-preview:-1\" \/>\n<link rel=\"canonical\" href=\"https:\/\/mycashless.com\/pt-br\/api-reference\/\" \/>\n<meta property=\"og:locale\" content=\"pt_BR\" \/>\n<meta property=\"og:type\" content=\"article\" \/>\n<meta property=\"og:title\" content=\"API-reference - mycashless\" \/>\n<meta property=\"og:description\" content=\"Junte-se \u00e0 revolu\u00e7\u00e3o digital com a API mycashless. Diga adeus \u00e0s vendas perdidas e abrace o poder do acesso e pagamentos cashless\u00ae.\" \/>\n<meta property=\"og:url\" content=\"https:\/\/mycashless.com\/pt-br\/api-reference\/\" \/>\n<meta property=\"og:site_name\" content=\"mycashless\" \/>\n<meta name=\"twitter:card\" content=\"summary_large_image\" \/>\n<meta name=\"twitter:label1\" content=\"Est. tempo de leitura\" \/>\n\t<meta name=\"twitter:data1\" content=\"2 minutos\" \/>\n<script type=\"application\/ld+json\" class=\"yoast-schema-graph\">{\"@context\":\"https:\/\/schema.org\",\"@graph\":[{\"@type\":\"WebPage\",\"@id\":\"https:\/\/mycashless.com\/pt-br\/api-reference\/\",\"url\":\"https:\/\/mycashless.com\/pt-br\/api-reference\/\",\"name\":\"API-reference - mycashless\",\"isPartOf\":{\"@id\":\"https:\/\/mycashless.com\/#website\"},\"datePublished\":\"2024-07-25T15:51:37+00:00\",\"description\":\"Junte-se \u00e0 revolu\u00e7\u00e3o digital com a API mycashless. Diga adeus \u00e0s vendas perdidas e abrace o poder do acesso e pagamentos cashless\u00ae.\",\"breadcrumb\":{\"@id\":\"https:\/\/mycashless.com\/pt-br\/api-reference\/#breadcrumb\"},\"inLanguage\":\"pt-BR\",\"potentialAction\":[{\"@type\":\"ReadAction\",\"target\":[\"https:\/\/mycashless.com\/pt-br\/api-reference\/\"]}]},{\"@type\":\"BreadcrumbList\",\"@id\":\"https:\/\/mycashless.com\/pt-br\/api-reference\/#breadcrumb\",\"itemListElement\":[{\"@type\":\"ListItem\",\"position\":1,\"name\":\"Home\",\"item\":\"https:\/\/mycashless.com\/pt-br\/\"},{\"@type\":\"ListItem\",\"position\":2,\"name\":\"API-reference\"}]},{\"@type\":\"WebSite\",\"@id\":\"https:\/\/mycashless.com\/#website\",\"url\":\"https:\/\/mycashless.com\/\",\"name\":\"mycashless\",\"description\":\"An Easy, Secure Solution for Cashless\u00ae Payments, Access, and Upgrades, Online or Offline, with or without Wristbands.\",\"publisher\":{\"@id\":\"https:\/\/mycashless.com\/#organization\"},\"potentialAction\":[{\"@type\":\"SearchAction\",\"target\":{\"@type\":\"EntryPoint\",\"urlTemplate\":\"https:\/\/mycashless.com\/?s={search_term_string}\"},\"query-input\":{\"@type\":\"PropertyValueSpecification\",\"valueRequired\":true,\"valueName\":\"search_term_string\"}}],\"inLanguage\":\"pt-BR\"},{\"@type\":\"Organization\",\"@id\":\"https:\/\/mycashless.com\/#organization\",\"name\":\"mycashless\",\"url\":\"https:\/\/mycashless.com\/\",\"logo\":{\"@type\":\"ImageObject\",\"inLanguage\":\"pt-BR\",\"@id\":\"https:\/\/mycashless.com\/#\/schema\/logo\/image\/\",\"url\":\"https:\/\/mycashless.com\/wp-content\/uploads\/2024\/09\/obsessedUntitled1.jpeg\",\"contentUrl\":\"https:\/\/mycashless.com\/wp-content\/uploads\/2024\/09\/obsessedUntitled1.jpeg\",\"width\":764,\"height\":764,\"caption\":\"mycashless\"},\"image\":{\"@id\":\"https:\/\/mycashless.com\/#\/schema\/logo\/image\/\"}}]}<\/script>\n<!-- \/ Yoast SEO plugin. -->","yoast_head_json":{"title":"API-reference - mycashless","description":"Junte-se \u00e0 revolu\u00e7\u00e3o digital com a API mycashless. Diga adeus \u00e0s vendas perdidas e abrace o poder do acesso e pagamentos cashless\u00ae.","robots":{"index":"index","follow":"follow","max-snippet":"max-snippet:-1","max-image-preview":"max-image-preview:large","max-video-preview":"max-video-preview:-1"},"canonical":"https:\/\/mycashless.com\/pt-br\/api-reference\/","og_locale":"pt_BR","og_type":"article","og_title":"API-reference - mycashless","og_description":"Junte-se \u00e0 revolu\u00e7\u00e3o digital com a API mycashless. Diga adeus \u00e0s vendas perdidas e abrace o poder do acesso e pagamentos cashless\u00ae.","og_url":"https:\/\/mycashless.com\/pt-br\/api-reference\/","og_site_name":"mycashless","twitter_card":"summary_large_image","twitter_misc":{"Est. tempo de leitura":"2 minutos"},"schema":{"@context":"https:\/\/schema.org","@graph":[{"@type":"WebPage","@id":"https:\/\/mycashless.com\/pt-br\/api-reference\/","url":"https:\/\/mycashless.com\/pt-br\/api-reference\/","name":"API-reference - mycashless","isPartOf":{"@id":"https:\/\/mycashless.com\/#website"},"datePublished":"2024-07-25T15:51:37+00:00","description":"Junte-se \u00e0 revolu\u00e7\u00e3o digital com a API mycashless. Diga adeus \u00e0s vendas perdidas e abrace o poder do acesso e pagamentos cashless\u00ae.","breadcrumb":{"@id":"https:\/\/mycashless.com\/pt-br\/api-reference\/#breadcrumb"},"inLanguage":"pt-BR","potentialAction":[{"@type":"ReadAction","target":["https:\/\/mycashless.com\/pt-br\/api-reference\/"]}]},{"@type":"BreadcrumbList","@id":"https:\/\/mycashless.com\/pt-br\/api-reference\/#breadcrumb","itemListElement":[{"@type":"ListItem","position":1,"name":"Home","item":"https:\/\/mycashless.com\/pt-br\/"},{"@type":"ListItem","position":2,"name":"API-reference"}]},{"@type":"WebSite","@id":"https:\/\/mycashless.com\/#website","url":"https:\/\/mycashless.com\/","name":"mycashless","description":"An Easy, Secure Solution for Cashless\u00ae Payments, Access, and Upgrades, Online or Offline, with or without Wristbands.","publisher":{"@id":"https:\/\/mycashless.com\/#organization"},"potentialAction":[{"@type":"SearchAction","target":{"@type":"EntryPoint","urlTemplate":"https:\/\/mycashless.com\/?s={search_term_string}"},"query-input":{"@type":"PropertyValueSpecification","valueRequired":true,"valueName":"search_term_string"}}],"inLanguage":"pt-BR"},{"@type":"Organization","@id":"https:\/\/mycashless.com\/#organization","name":"mycashless","url":"https:\/\/mycashless.com\/","logo":{"@type":"ImageObject","inLanguage":"pt-BR","@id":"https:\/\/mycashless.com\/#\/schema\/logo\/image\/","url":"https:\/\/mycashless.com\/wp-content\/uploads\/2024\/09\/obsessedUntitled1.jpeg","contentUrl":"https:\/\/mycashless.com\/wp-content\/uploads\/2024\/09\/obsessedUntitled1.jpeg","width":764,"height":764,"caption":"mycashless"},"image":{"@id":"https:\/\/mycashless.com\/#\/schema\/logo\/image\/"}}]}},"_links":{"self":[{"href":"https:\/\/mycashless.com\/pt-br\/wp-json\/wp\/v2\/pages\/13640","targetHints":{"allow":["GET"]}}],"collection":[{"href":"https:\/\/mycashless.com\/pt-br\/wp-json\/wp\/v2\/pages"}],"about":[{"href":"https:\/\/mycashless.com\/pt-br\/wp-json\/wp\/v2\/types\/page"}],"author":[{"embeddable":true,"href":"https:\/\/mycashless.com\/pt-br\/wp-json\/wp\/v2\/users\/15"}],"replies":[{"embeddable":true,"href":"https:\/\/mycashless.com\/pt-br\/wp-json\/wp\/v2\/comments?post=13640"}],"version-history":[{"count":1,"href":"https:\/\/mycashless.com\/pt-br\/wp-json\/wp\/v2\/pages\/13640\/revisions"}],"predecessor-version":[{"id":13641,"href":"https:\/\/mycashless.com\/pt-br\/wp-json\/wp\/v2\/pages\/13640\/revisions\/13641"}],"wp:attachment":[{"href":"https:\/\/mycashless.com\/pt-br\/wp-json\/wp\/v2\/media?parent=13640"}],"curies":[{"name":"wp","href":"https:\/\/api.w.org\/{rel}","templated":true}]}}